{"id":1420,"date":"2026-04-30T07:27:43","date_gmt":"2026-04-30T06:27:43","guid":{"rendered":"https:\/\/ivybet.org\/app\/"},"modified":"2026-04-30T10:10:38","modified_gmt":"2026-04-30T09:10:38","slug":"aplikacja","status":"publish","type":"page","link":"https:\/\/ivybet.org\/pl\/aplikacja\/","title":{"rendered":"Aplikacja"},"content":{"rendered":"<h1>Aplikacja Ivybet<\/h1>\n<p>Stworzyli\u015bmy Ivybet App, aby\u015b m\u00f3g\u0142 cieszy\u0107 si\u0119 naszym kasynem na swoim telefonie. Bez wzgl\u0119du na to, gdzie jeste\u015b, nasza platforma mobilna zapewni Ci dost\u0119p do tysi\u0119cy gier, w tym automat\u00f3w online i sto\u0142\u00f3w na \u017cywo.<\/p>\n<p>Wszystkie promocje Ivy Bet Casino s\u0105 r\u00f3wnie\u017c dost\u0119pne w aplikacji. Gracze w Polsce mog\u0105 z \u0142atwo\u015bci\u0105 zainstalowa\u0107 nasze oprogramowanie na urz\u0105dzeniach z systemem Android i iOS oraz dostosowa\u0107 je do swoich potrzeb, aby gra by\u0142a p\u0142ynniejsza i bezpieczniejsza.<\/p>\n<div class=\"banner-wrap\" aria-label=\"Banner\"><img src=\"https:\/\/ivybet.org\/wp-content\/uploads\/2026\/04\/ivybet-bonus-desktop.webp\" class=\"w-100 d-none d-lg-block img-pc main-banner-img\" alt=\"Ivybet banner desktop\" fetchpriority=\"high\" decoding=\"async\"><img src=\"https:\/\/ivybet.org\/wp-content\/uploads\/2026\/04\/1_1-2.webp\" class=\"w-100 d-none d-md-block d-lg-none main-banner-img\" alt=\"Ivybet banner mobile\" fetchpriority=\"high\" decoding=\"async\"><img src=\"https:\/\/ivybet.org\/wp-content\/uploads\/2026\/04\/1_1-2.webp\" class=\"w-100 d-md-none\" alt=\"Ivybet banner mobile\" fetchpriority=\"high\" decoding=\"async\"><div class=\"banner-description\">\n<div class=\"banner-title\">Bonusy powitalne<\/div>\n<p class=\"banner-header-title\">1500 \u20ac<\/p>\n<div class=\"banner-header-AdditionalText\">+ 250 Darmowe spiny<\/div>\n<button data-item=\"homepage_banner_link\" class=\"goto m-button m-gradient-border m-button--primary m-button--large banner-button btn-orange\">\n            <div class=\"m-button-content\">\n                <span>Zarejestruj si\u0119 teraz<\/span>\n                <span><\/span>\n            <\/div>\n        <\/button>\n<\/div>\n<div class=\"WelcomePack\">\n<p><img loading=\"lazy\" decoding=\"async\" class=\"alignnone size-full wp-image-1372\" src=\"https:\/\/ivybet.org\/wp-content\/uploads\/2026\/01\/welcome-crown.png\" alt=\"welcome crown\" width=\"25\" height=\"26\" \/><\/p>\n<div class=\"WelcomePack-Info\">Cotygodniowy zwrot got\u00f3wki do 25%<\/div>\n<p><img loading=\"lazy\" decoding=\"async\" class=\"alignnone size-full wp-image-1372\" src=\"https:\/\/ivybet.org\/wp-content\/uploads\/2026\/01\/welcome-crown.png\" alt=\"welcome crown\" width=\"25\" height=\"26\" \/><\/p>\n<\/div>\n<\/div>\n<h2>Zalety i funkcje aplikacji Ivybet<\/h2>\n<p>Smartfony to oczywisty wyb\u00f3r, je\u015bli chodzi o szybk\u0105 rozrywk\u0119, wi\u0119c to logiczne, \u017ce chcesz mie\u0107 kasyno prosto na swoim urz\u0105dzeniu. Stworzyli\u015bmy nasz\u0105 platform\u0119 tak, \u017ceby\u015b nigdy nie musia\u0142 rezygnowa\u0107 z prawdziwych funkcji na rzecz tej wygody.<\/p>\n<p>Aplikacja Ivybet i nasza strona mobilna zawieraj\u0105 dok\u0142adnie te same tytu\u0142y i funkcje, co wersja na komputery stacjonarne. Je\u015bli wi\u0119c kr\u0119cisz automatem z jackpotem lub ko\u0142em ruletki na du\u017cym ekranie, mo\u017cesz po prostu si\u0119gn\u0105\u0107 po sw\u00f3j gad\u017cet i uruchomi\u0107 t\u0119 sam\u0105 gr\u0119. Oto dlaczego nasi gracze pozostaj\u0105 przy aplikacji:<\/p>\n<ul>\n<li>Instalacja zajmuje zaledwie kilka sekund bezpo\u015brednio z naszej strony internetowej.<\/li>\n<li>Stworzyli\u015bmy oprogramowanie jako PWA, co oznacza, \u017ce jest niezwykle lekkie. \u0141atwo dzia\u0142a na telefonach z systemem iOS lub Android, nie zajmuj\u0105c du\u017co miejsca w pami\u0119ci ani nie wyczerpuj\u0105c baterii.<\/li>\n<li>Ka\u017cde po\u0142\u0105czenie jest szyfrowane dla Twojego bezpiecze\u0144stwa. Co wi\u0119cej, prosimy tylko o podstawowe uprawnienia do internetu i powiadomie\u0144, zamiast szuka\u0107 dodatkowych danych.<\/li>\n<li>Powiadomienia pojawiaj\u0105 si\u0119 od razu na ekranie g\u0142\u00f3wnym. Mo\u017cesz dostosowa\u0107 te ustawienia, \u017ceby\u015bmy wysy\u0142ali tylko kr\u00f3tkie przypomnienia o nowym bonusie lub turnieju, kt\u00f3ry wkr\u00f3tce si\u0119 rozpocznie.<\/li>\n<li>Sprowadza si\u0119 to g\u0142\u00f3wnie do wygody. Czekanie na uruchomienie komputera tylko po to, \u017ceby zagra\u0107 kilka rund, mo\u017ce by\u0107 frustruj\u0105ce, podczas gdy telefon masz zawsze pod r\u0119k\u0105.<\/li>\n<\/ul>\n<p>Gdy aplikacja znajdzie si\u0119 na Twoim urz\u0105dzeniu, nie musisz ju\u017c siedzie\u0107 przy biurku, \u017ceby si\u0119 zabawi\u0107. Wystarczy, \u017ce masz dobre Wi-Fi lub dane kom\u00f3rkowe, i gotowe.<\/p>\n<p><div class=\"scrollable-content-wrap my-5\"><div class=\"scrollable-content-inner\"><h2>Aplikacja Ivybet Casino na iOS<\/h2>\n<p>Nie potrzebujesz najnowszego iPhone\u2019a ani iPada, \u017ceby gra\u0107 w Ivy Bet Casino. Wystarczy zaktualizowana przegl\u0105darka Safari lub jakakolwiek inna, \u017ceby \u0142atwo za\u0142adowa\u0107 nasz\u0105 stron\u0119. Dzi\u0119ki temu mo\u017cesz cieszy\u0107 si\u0119 p\u0142ynn\u0105 rozgrywk\u0105 bez \u017cadnych op\u00f3\u017anie\u0144. Ka\u017cda gra dostosowuje si\u0119 idealnie do Twojego ekranu, co oznacza, \u017ce mo\u017cesz obstawia\u0107 zak\u0142ady i sterowa\u0107 opcjami jednym palcem.<\/p>\n<p>Je\u015bli nie chcesz za ka\u017cdym razem otwiera\u0107 przegl\u0105darki, zawsze mo\u017cesz zainstalowa\u0107 aplikacj\u0119 Ivybet. Wystarczy wej\u015b\u0107 na nasz\u0105 stron\u0119 na swoim urz\u0105dzeniu, a nast\u0119pnie klikn\u0105\u0107 przycisk \u201eUdost\u0119pnij\u201d obok paska adresu. Nast\u0119pnie wybierz opcj\u0119 \u201eDodaj do ekranu g\u0142\u00f3wnego\u201d. Mo\u017cesz szybko edytowa\u0107 szczeg\u00f3\u0142y strony, a potem klikn\u0105\u0107 \u201eDodaj\u201d, \u017ceby zako\u0144czy\u0107 konfiguracj\u0119.<\/p>\n<h3>Instalacja za pomoc\u0105 aplikacji Skr\u00f3ty<\/h3>\n<p>Aby uzyska\u0107 nieco wi\u0119ksz\u0105 kontrol\u0119, mo\u017cesz skonfigurowa\u0107 nasze oprogramowanie za pomoc\u0105 natywnej aplikacji Skr\u00f3ty w systemie iOS. Jest to ta sama platforma Ivybet Casino na Twoim iPhonie, ale pozwala na dodanie niestandardowych szczeg\u00f3\u0142\u00f3w, takich jak w\u0142asna ikona i nazwa.<\/p>\n<p>Prawdziw\u0105 zalet\u0105 jest automatyzacja. Skr\u00f3t mo\u017ce za\u0142adowa\u0107 kasyno i natychmiast uruchomi\u0107 tryb Focus, aby wyciszy\u0107 powiadomienia. Mo\u017cesz go r\u00f3wnie\u017c u\u017cy\u0107 do regulacji jasno\u015bci lub przej\u015bcia bezpo\u015brednio do sekcji Instant Win lub sekcji na \u017cywo. Ustawienie przypomnienia tekstowego o sprawdzeniu warunk\u00f3w bonusu lub 30-minutowego timera jest r\u00f3wnie proste.<\/p>\n<p><img loading=\"lazy\" decoding=\"async\" src=\"https:\/\/ivybet.org\/wp-content\/uploads\/2026\/04\/Ivybet-iOS-App-1024x440.webp\" alt=\"Ivybet iOS App\" width=\"1024\" height=\"440\" \/><\/p>\n<\/div><\/div><div style=\"clear: both\"><\/div><div class=\"d-flex justify-content-center\"><button data-item=\"decouvrez_link\" data-group=\"website_links\" class=\"goto fw-bold rounded-pill btn btn-orange\" aria-label=\"Pobierz aplikacj\u0119 Ivybet\" >Pobierz aplikacj\u0119 Ivybet<\/button><\/div><div class=\"scrollable-content-wrap my-5\"><div class=\"scrollable-content-inner\"><h2>Aplikacja Ivy Bet na Androida<\/h2>\n<p>Je\u015bli korzystasz z Androida, dost\u0119p do naszej platformy mobilnej jest prosty. Nie musisz przeszukiwa\u0107 Google Play ani ryzykowa\u0107 pobierania pliku APK Ivybet z przypadkowego \u017ar\u00f3d\u0142a. Mo\u017cesz zainstalowa\u0107 aplikacj\u0119 bezpo\u015brednio, otwieraj\u0105c nasz\u0105 stron\u0119 w przegl\u0105darce takiej jak Chrome.<\/p>\n<p>Wystarczy wej\u015b\u0107 na stron\u0119 i klikn\u0105\u0107 menu \u201eWi\u0119cej\u201d obok paska adresu. Stamt\u0105d po prostu wybierz opcj\u0119 dodania do ekranu g\u0142\u00f3wnego. Pojawi si\u0119 szybki monit z pro\u015bb\u0105 o potwierdzenie nazwy aplikacji, wi\u0119c mo\u017cesz zachowa\u0107 domy\u015bln\u0105 lub wpisa\u0107 w\u0142asn\u0105.<\/p>\n<p>Zainstalowanie mobilnego kasyna Ivybet i za\u0142o\u017cenie konta daje Ci dost\u0119p do wszystkich naszych promocji. Zaczyna si\u0119 to od pakietu powitalnego zawieraj\u0105cego got\u00f3wk\u0119 i darmowe spiny. W dalszej kolejno\u015bci proces weryfikacji przy pierwszej wyp\u0142acie przebiega szybciej na telefonie. Dzieje si\u0119 tak, poniewa\u017c mo\u017cesz zrobi\u0107 zdj\u0119cia dokument\u00f3w i przes\u0142a\u0107 je bez konieczno\u015bci zmiany urz\u0105dzenia.<\/p>\n<p><img loading=\"lazy\" decoding=\"async\" src=\"https:\/\/ivybet.org\/wp-content\/uploads\/2026\/04\/Ivybet-Android-App-1024x440.webp\" alt=\"Ivybet Android App\" width=\"1024\" height=\"440\" \/><\/p>\n<\/div><\/div><div style=\"clear: both\"><\/div><div class=\"d-flex justify-content-center\"><button data-item=\"decouvrez_link\" data-group=\"website_links\" class=\"goto fw-bold rounded-pill btn btn-orange\" aria-label=\"Pobierz Ivybet\" >Pobierz Ivybet<\/button><\/div><div class=\"scrollable-content-wrap my-5\"><div class=\"scrollable-content-inner\"><h2>Graj w Ivy Bet Casino na komputerze Mac lub Windows<\/h2>\n<p>Nie zmuszamy Ci\u0119 do korzystania z jednego konkretnego urz\u0105dzenia. Je\u015bli wolisz tradycyjn\u0105 konfiguracj\u0119, wersja Ivybet Casino na komputery stacjonarne zapewnia Ci pe\u0142n\u0105 funkcjonalno\u015b\u0107 platformy. Korzystanie z wi\u0119kszego monitora naprawd\u0119 robi r\u00f3\u017cnic\u0119 w praktyce:<\/p>\n<ul>\n<li>Barwne programy z grami, takie jak Crazy Time i Mega Wheel, zazwyczaj wygl\u0105daj\u0105 lepiej, gdy masz wi\u0119cej miejsca na ekranie.<\/li>\n<li>Zarz\u0105dzanie z\u0142o\u017conymi sto\u0142ami na \u017cywo staje si\u0119 prostsze. Obstawianie \u017ceton\u00f3w w wielu zak\u0142adach pobocznych w blackjacku jest szybsze za pomoc\u0105 myszki.<\/li>\n<li>Przewijanie ogromnej tabeli wynik\u00f3w podczas popularnych wydarze\u0144, takich jak Turniej na \u017cywo, zajmuje tylko kilka sekund.<\/li>\n<li>Mo\u017cesz \u015bledzi\u0107 histori\u0119 swoich zak\u0142ad\u00f3w bez zamykania g\u0142\u00f3wnego okna gry.<\/li>\n<\/ul>\n<p>Wiele os\u00f3b pracuje na komputerze i nie chce miesza\u0107 zak\u0142adek kasyna z codziennymi narz\u0119dziami. Mo\u017cesz to rozwi\u0105za\u0107, tworz\u0105c skr\u00f3t do strony, aby zainstalowa\u0107 aplikacj\u0119 Ivybet lokalnie. Oznacza to, \u017ce uruchamiasz kasyno bezpo\u015brednio z pulpitu.<\/p>\n<p>Logujesz si\u0119 na swoje standardowe konto, niezale\u017cnie od tego, jakie urz\u0105dzenie masz w r\u0119ku. Wszystko, od \u015brodk\u00f3w na koncie po aktualny post\u0119p, synchronizuje si\u0119 automatycznie mi\u0119dzy komputerem a telefonem.<\/p>\n<p><img loading=\"lazy\" decoding=\"async\" src=\"https:\/\/ivybet.org\/wp-content\/uploads\/2026\/04\/Ivybet-Desktop-1024x440.webp\" alt=\"Ivybet Desktop\" width=\"1024\" height=\"440\" \/><\/p>\n<\/div><\/div><div style=\"clear: both\"><\/div><div class=\"d-flex justify-content-center\"><button data-item=\"decouvrez_link\" data-group=\"website_links\" class=\"goto fw-bold rounded-pill btn btn-orange\" aria-label=\"Pobierz aplikacj\u0119 Ivybet\" >Pobierz aplikacj\u0119 Ivybet<\/button><\/div><div class=\"scrollable-content-wrap my-5\"><div class=\"scrollable-content-inner\"><h2>Bezpiecze\u0144stwo i dobre nawyki<\/h2>\n<p>Dbamy o bezpiecze\u0144stwo platformy. Strona dzia\u0142a w protokole TLS 1.3, wi\u0119c Twoje po\u0142\u0105czenie jest szyfrowane od momentu otwarcia. U\u017cywamy te\u017c tokenizacji dla wszystkich danych p\u0142atniczych. Opcje mobilne, takie jak Apple Pay i Google Pay, dzia\u0142aj\u0105 idealnie, a Twoje pieni\u0105dze s\u0105 bezpieczne.<\/p>\n<p>Mo\u017cesz jeszcze bardziej zwi\u0119kszy\u0107 swoje bezpiecze\u0144stwo. Sugerujemy w\u0142\u0105czenie uwierzytelniania dwusk\u0142adnikowego. Korzystanie z aplikacji uwierzytelniaj\u0105cej na tym samym telefonie, na kt\u00f3rym masz Ivybet Casino, sprawia, \u017ce logowanie przebiega b\u0142yskawicznie.<\/p>\n<p>Zalecamy korzystanie z prywatnych sieci zamiast publicznych sieci Wi-Fi. Dobrym pomys\u0142em jest te\u017c zabezpieczenie aplikacji kasyna has\u0142em lub ca\u0142kowite jej ukrycie. Je\u015bli zgubisz urz\u0105dzenie, nikt nie b\u0119dzie mia\u0142 dost\u0119pu do Twojego profilu.<\/p>\n<p>Na koniec sprawd\u017a narz\u0119dzia odpowiedzialnej gry dost\u0119pne w aplikacji. Mo\u017cesz ograniczy\u0107 wysoko\u015b\u0107 wp\u0142at lub ustawi\u0107 sztywny limit czasu sesji. Oprogramowanie zajmie si\u0119 \u015bledzeniem za Ciebie, wi\u0119c nie musisz zawraca\u0107 sobie g\u0142owy ustawianiem alarm\u00f3w w telefonie.<\/p>\n<h2>Najlepsza konfiguracja dla p\u0142ynnej gry<\/h2>\n<p>Uruchomienie aplikacji Ivybet nie wymaga wiele, ale Tw\u00f3j telefon nadal musi poradzi\u0107 sobie z obci\u0105\u017ceniem. Regularnie udost\u0119pniamy aktualizacje, aby oprogramowanie dzia\u0142a\u0142o stabilnie, co oznacza, \u017ce reszta zale\u017cy od Twojej codziennej konfiguracji. Nawet \u015bwietna platforma b\u0119dzie si\u0119 zawiesza\u0107, je\u015bli Twoje urz\u0105dzenie jest roz\u0142adowane. Solidne po\u0142\u0105czenie i aktualny system zapobiegaj\u0105 przerywaniu rund w trakcie obrotu, wi\u0119c oto, co zazwyczaj dzia\u0142a najlepiej.<\/p>\n<table>\n<tbody>\n<tr>\n<td>Funkcja<\/td>\n<td>Co zalecamy<\/td>\n<td>Wynik<\/td>\n<\/tr>\n<tr>\n<td>Po\u0142\u0105czenie<\/td>\n<td>Wi-Fi lub stabilny sygna\u0142 4G\/5G<\/td>\n<td>Transmisje wideo przerywaj\u0105 si\u0119, gdy sygna\u0142 s\u0142abnie, dlatego silne po\u0142\u0105czenie jest kluczowe przy grach na \u017cywo.<\/td>\n<\/tr>\n<tr>\n<td>Wyb\u00f3r przegl\u0105darki<\/td>\n<td>Aktualne wersje przegl\u0105darek Chrome, Safari lub Firefox<\/td>\n<td>Zaktualizowana przegl\u0105darka poprawnie obs\u0142uguje gry i zabezpiecza stron\u0119 logowania.<\/td>\n<\/tr>\n<tr>\n<td>Aktualizacje systemu operacyjnego<\/td>\n<td>Najnowsze oprogramowanie Apple lub Android<\/td>\n<td>Wszystko nadal dzia\u0142a na starszym oprogramowaniu. Jednak aktualizacja po prostu zapewnia aplikacji znacznie lepsze \u015brodowisko do szybkiego dzia\u0142ania.<\/td>\n<\/tr>\n<tr>\n<td>Pami\u0119\u0107 telefonu<\/td>\n<td>Niewielka ilo\u015b\u0107 miejsca<\/td>\n<td>Aplikacja PWA zajmuje tylko kilka kilobajt\u00f3w, ale buforuje dane. Zostawienie troch\u0119 wolnego miejsca sprawi, \u017ce gry b\u0119d\u0105 si\u0119 p\u00f3\u017aniej \u0142adowa\u0107 b\u0142yskawicznie.<\/td>\n<\/tr>\n<tr>\n<td>Ustawienia baterii<\/td>\n<td>Tryb normalny zamiast opcji oszcz\u0119dzania baterii<\/td>\n<td>Telefony ograniczaj\u0105 moc obliczeniow\u0105, \u017ceby oszcz\u0119dza\u0107 bateri\u0119. Pozostawienie standardowego trybu zasilania pozwala platformie dzia\u0142a\u0107 bez irytuj\u0105cych op\u00f3\u017anie\u0144.<\/td>\n<\/tr>\n<\/tbody>\n<\/table>\n<h2>FAQ<\/h2>\n<h3>Kt\u00f3re przegl\u0105darki najlepiej wsp\u00f3\u0142pracuj\u0105 z aplikacj\u0105 mobiln\u0105 Ivybet?<\/h3>\n<p>Ka\u017cda nowoczesna przegl\u0105darka si\u0119 sprawdzi. Mo\u017cesz pozosta\u0107 przy standardowym Safari lub Edge albo u\u017cy\u0107 czego\u015b takiego jak Firefox lub Brave. Najwa\u017cniejsze, \u017ceby przegl\u0105darka by\u0142a aktualna, dzi\u0119ki czemu kasyno b\u0119dzie dzia\u0142a\u0142o p\u0142ynnie.<\/p>\n<h3>Czy moje saldo b\u0119dzie zsynchronizowane mi\u0119dzy aplikacj\u0105 Ivy Bet a stron\u0105 na komputerze?<\/h3>\n<p>Tak, poniewa\u017c logujesz si\u0119 na dok\u0142adnie ten sam profil. Nawet je\u015bli zasili\u0142e\u015b konto na telefonie za pomoc\u0105 Google Pay, te \u015brodki b\u0119d\u0105 dost\u0119pne, gdy prze\u0142\u0105czysz si\u0119 na laptopa. Wszystko aktualizuje si\u0119 automatycznie.<\/p>\n<h3>Co mam zrobi\u0107, je\u015bli aplikacja Ivybet Casino nie \u0142aduje si\u0119 poprawnie?<\/h3>\n<p>Zacznij od sprawdzenia po\u0142\u0105czenia internetowego i wyczyszczenia pami\u0119ci podr\u0119cznej. To rozwi\u0105zuje wi\u0119kszo\u015b\u0107 problem\u00f3w. Je\u015bli nadal potrzebujesz pomocy, skorzystaj z czatu na \u017cywo, aby porozmawia\u0107 z naszym zespo\u0142em wsparcia. Mo\u017cesz te\u017c wys\u0142a\u0107 do nas e-mail, je\u015bli platforma w og\u00f3le si\u0119 nie \u0142aduje.<\/p>\n<h3>Czy mog\u0119 w\u0142\u0105czy\u0107 lub wy\u0142\u0105czy\u0107 powiadomienia mobilne?<\/h3>\n<p>Wszystko to ustawiasz bezpo\u015brednio w ustawieniach telefonu. To wy\u0142\u0105cznie od Ciebie zale\u017cy, jakie powiadomienia nasze oprogramowanie mo\u017ce wysy\u0142a\u0107. Wy\u0142\u0105czenie powiadomie\u0144 jest proste, je\u015bli nie chcesz otrzymywa\u0107 alert\u00f3w.<\/p>\n<h3>Czy potrzebuj\u0119 osobnego has\u0142a do aplikacji mobilnej?<\/h3>\n<p>Aby uzyska\u0107 dost\u0119p do konta, potrzebujesz standardowych danych logowania. Mo\u017cesz jednak zablokowa\u0107 sam\u0105 aplikacj\u0119 osobnym kodem dost\u0119pu, aby zapewni\u0107 sobie wi\u0119ksz\u0105 prywatno\u015b\u0107. Dzi\u0119ki temu nikt inny nie b\u0119dzie m\u00f3g\u0142 nawet otworzy\u0107 kasyna na Twoim telefonie.<\/p>\n<\/div><\/div><\/p>\n","protected":false},"excerpt":{"rendered":"<p>Aplikacja Ivybet Stworzyli\u015bmy Ivybet App, aby\u015b m\u00f3g\u0142 cieszy\u0107 si\u0119 naszym kasynem na swoim telefonie. Bez wzgl\u0119du na to, gdzie jeste\u015b, nasza platforma mobilna zapewni Ci dost\u0119p do tysi\u0119cy gier, w tym automat\u00f3w online i sto\u0142\u00f3w na \u017cywo. Wszystkie promocje Ivy Bet Casino s\u0105 r\u00f3wnie\u017c dost\u0119pne w aplikacji. Gracze w Polsce mog\u0105 z \u0142atwo\u015bci\u0105 zainstalowa\u0107 nasze [&hellip;]<\/p>\n","protected":false},"author":25,"featured_media":0,"parent":0,"menu_order":0,"comment_status":"closed","ping_status":"closed","template":"template-builder.php","meta":{"_acf_changed":false,"inline_featured_image":false,"footnotes":""},"class_list":["post-1420","page","type-page","status-publish","hentry"],"acf":[],"yoast_head":"<!-- This site is optimized with the Yoast SEO plugin v27.3 - https:\/\/yoast.com\/product\/yoast-seo-wordpress\/ -->\n<title>Ivybet App | Oficjalna aplikacja mobilna na Android i iOS<\/title>\n<meta name=\"description\" content=\"Aplikacja Ivy Bet zapewnia graczom szybki dost\u0119p przez przegl\u0105dark\u0119 do slot\u00f3w, gier na \u017cywo, p\u0142atno\u015bci i wsparcia na telefonach z Androidem, iPhone\u2019ach i tabletach.\" \/>\n<meta name=\"robots\" content=\"index, follow, max-snippet:-1, max-image-preview:large, max-video-preview:-1\" \/>\n<link rel=\"canonical\" href=\"https:\/\/ivybet.org\/pl\/aplikacja\/\" \/>\n<meta property=\"og:locale\" content=\"pl_PL\" \/>\n<meta property=\"og:type\" content=\"article\" \/>\n<meta property=\"og:title\" content=\"Ivybet App | Oficjalna aplikacja mobilna na Android i iOS\" \/>\n<meta property=\"og:description\" content=\"Aplikacja Ivy Bet zapewnia graczom szybki dost\u0119p przez przegl\u0105dark\u0119 do slot\u00f3w, gier na \u017cywo, p\u0142atno\u015bci i wsparcia na telefonach z Androidem, iPhone\u2019ach i tabletach.\" \/>\n<meta property=\"og:url\" content=\"https:\/\/ivybet.org\/pl\/aplikacja\/\" \/>\n<meta property=\"og:site_name\" content=\"ivybet\" \/>\n<meta property=\"article:modified_time\" content=\"2026-04-30T09:10:38+00:00\" \/>\n<meta name=\"twitter:card\" content=\"summary_large_image\" \/>\n<meta name=\"twitter:label1\" content=\"Est. reading time\" \/>\n\t<meta name=\"twitter:data1\" content=\"2 minutes\" \/>\n<script type=\"application\/ld+json\" class=\"yoast-schema-graph\">{\"@context\":\"https:\\\/\\\/schema.org\",\"@graph\":[{\"@type\":\"WebPage\",\"@id\":\"https:\\\/\\\/ivybet.org\\\/pl\\\/aplikacja\\\/\",\"url\":\"https:\\\/\\\/ivybet.org\\\/pl\\\/aplikacja\\\/\",\"name\":\"Ivybet App | Oficjalna aplikacja mobilna na Android i iOS\",\"isPartOf\":{\"@id\":\"https:\\\/\\\/ivybet.org\\\/pl\\\/#website\"},\"datePublished\":\"2026-04-30T06:27:43+00:00\",\"dateModified\":\"2026-04-30T09:10:38+00:00\",\"description\":\"Aplikacja Ivy Bet zapewnia graczom szybki dost\u0119p przez przegl\u0105dark\u0119 do slot\u00f3w, gier na \u017cywo, p\u0142atno\u015bci i wsparcia na telefonach z Androidem, iPhone\u2019ach i tabletach.\",\"breadcrumb\":{\"@id\":\"https:\\\/\\\/ivybet.org\\\/pl\\\/aplikacja\\\/#breadcrumb\"},\"inLanguage\":\"pl-PL\",\"potentialAction\":[{\"@type\":\"ReadAction\",\"target\":[\"https:\\\/\\\/ivybet.org\\\/pl\\\/aplikacja\\\/\"]}]},{\"@type\":\"BreadcrumbList\",\"@id\":\"https:\\\/\\\/ivybet.org\\\/pl\\\/aplikacja\\\/#breadcrumb\",\"itemListElement\":[{\"@type\":\"ListItem\",\"position\":1,\"name\":\"Ivybet\",\"item\":\"https:\\\/\\\/ivybet.org\\\/pl\\\/\"},{\"@type\":\"ListItem\",\"position\":2,\"name\":\"Aplikacja\"}]},{\"@type\":\"WebSite\",\"@id\":\"https:\\\/\\\/ivybet.org\\\/pl\\\/#website\",\"url\":\"https:\\\/\\\/ivybet.org\\\/pl\\\/\",\"name\":\"Ivybet\",\"description\":\"\",\"publisher\":{\"@id\":\"https:\\\/\\\/ivybet.org\\\/pl\\\/#organization\"},\"potentialAction\":[{\"@type\":\"SearchAction\",\"target\":{\"@type\":\"EntryPoint\",\"urlTemplate\":\"https:\\\/\\\/ivybet.org\\\/pl\\\/?s={search_term_string}\"},\"query-input\":{\"@type\":\"PropertyValueSpecification\",\"valueRequired\":true,\"valueName\":\"search_term_string\"}}],\"inLanguage\":\"pl-PL\"},{\"@type\":\"Organization\",\"@id\":\"https:\\\/\\\/ivybet.org\\\/pl\\\/#organization\",\"name\":\"Ivybet\",\"url\":\"https:\\\/\\\/ivybet.org\\\/pl\\\/\",\"logo\":{\"@type\":\"ImageObject\",\"inLanguage\":\"pl-PL\",\"@id\":\"https:\\\/\\\/ivybet.org\\\/pl\\\/#\\\/schema\\\/logo\\\/image\\\/\",\"url\":\"https:\\\/\\\/ivybet.org\\\/wp-content\\\/uploads\\\/2025\\\/06\\\/Jl4YRdvK3i2E9rfhV46C.png\",\"contentUrl\":\"https:\\\/\\\/ivybet.org\\\/wp-content\\\/uploads\\\/2025\\\/06\\\/Jl4YRdvK3i2E9rfhV46C.png\",\"width\":150,\"height\":53,\"caption\":\"Ivybet\"},\"image\":{\"@id\":\"https:\\\/\\\/ivybet.org\\\/pl\\\/#\\\/schema\\\/logo\\\/image\\\/\"}}]}<\/script>\n<!-- \/ Yoast SEO plugin. -->","yoast_head_json":{"title":"Ivybet App | Oficjalna aplikacja mobilna na Android i iOS","description":"Aplikacja Ivy Bet zapewnia graczom szybki dost\u0119p przez przegl\u0105dark\u0119 do slot\u00f3w, gier na \u017cywo, p\u0142atno\u015bci i wsparcia na telefonach z Androidem, iPhone\u2019ach i tabletach.","robots":{"index":"index","follow":"follow","max-snippet":"max-snippet:-1","max-image-preview":"max-image-preview:large","max-video-preview":"max-video-preview:-1"},"canonical":"https:\/\/ivybet.org\/pl\/aplikacja\/","og_locale":"pl_PL","og_type":"article","og_title":"Ivybet App | Oficjalna aplikacja mobilna na Android i iOS","og_description":"Aplikacja Ivy Bet zapewnia graczom szybki dost\u0119p przez przegl\u0105dark\u0119 do slot\u00f3w, gier na \u017cywo, p\u0142atno\u015bci i wsparcia na telefonach z Androidem, iPhone\u2019ach i tabletach.","og_url":"https:\/\/ivybet.org\/pl\/aplikacja\/","og_site_name":"ivybet","article_modified_time":"2026-04-30T09:10:38+00:00","twitter_card":"summary_large_image","twitter_misc":{"Est. reading time":"2 minutes"},"schema":{"@context":"https:\/\/schema.org","@graph":[{"@type":"WebPage","@id":"https:\/\/ivybet.org\/pl\/aplikacja\/","url":"https:\/\/ivybet.org\/pl\/aplikacja\/","name":"Ivybet App | Oficjalna aplikacja mobilna na Android i iOS","isPartOf":{"@id":"https:\/\/ivybet.org\/pl\/#website"},"datePublished":"2026-04-30T06:27:43+00:00","dateModified":"2026-04-30T09:10:38+00:00","description":"Aplikacja Ivy Bet zapewnia graczom szybki dost\u0119p przez przegl\u0105dark\u0119 do slot\u00f3w, gier na \u017cywo, p\u0142atno\u015bci i wsparcia na telefonach z Androidem, iPhone\u2019ach i tabletach.","breadcrumb":{"@id":"https:\/\/ivybet.org\/pl\/aplikacja\/#breadcrumb"},"inLanguage":"pl-PL","potentialAction":[{"@type":"ReadAction","target":["https:\/\/ivybet.org\/pl\/aplikacja\/"]}]},{"@type":"BreadcrumbList","@id":"https:\/\/ivybet.org\/pl\/aplikacja\/#breadcrumb","itemListElement":[{"@type":"ListItem","position":1,"name":"Ivybet","item":"https:\/\/ivybet.org\/pl\/"},{"@type":"ListItem","position":2,"name":"Aplikacja"}]},{"@type":"WebSite","@id":"https:\/\/ivybet.org\/pl\/#website","url":"https:\/\/ivybet.org\/pl\/","name":"Ivybet","description":"","publisher":{"@id":"https:\/\/ivybet.org\/pl\/#organization"},"potentialAction":[{"@type":"SearchAction","target":{"@type":"EntryPoint","urlTemplate":"https:\/\/ivybet.org\/pl\/?s={search_term_string}"},"query-input":{"@type":"PropertyValueSpecification","valueRequired":true,"valueName":"search_term_string"}}],"inLanguage":"pl-PL"},{"@type":"Organization","@id":"https:\/\/ivybet.org\/pl\/#organization","name":"Ivybet","url":"https:\/\/ivybet.org\/pl\/","logo":{"@type":"ImageObject","inLanguage":"pl-PL","@id":"https:\/\/ivybet.org\/pl\/#\/schema\/logo\/image\/","url":"https:\/\/ivybet.org\/wp-content\/uploads\/2025\/06\/Jl4YRdvK3i2E9rfhV46C.png","contentUrl":"https:\/\/ivybet.org\/wp-content\/uploads\/2025\/06\/Jl4YRdvK3i2E9rfhV46C.png","width":150,"height":53,"caption":"Ivybet"},"image":{"@id":"https:\/\/ivybet.org\/pl\/#\/schema\/logo\/image\/"}}]}},"_links":{"self":[{"href":"https:\/\/ivybet.org\/pl\/wp-json\/wp\/v2\/pages\/1420","targetHints":{"allow":["GET"]}}],"collection":[{"href":"https:\/\/ivybet.org\/pl\/wp-json\/wp\/v2\/pages"}],"about":[{"href":"https:\/\/ivybet.org\/pl\/wp-json\/wp\/v2\/types\/page"}],"author":[{"embeddable":true,"href":"https:\/\/ivybet.org\/pl\/wp-json\/wp\/v2\/users\/25"}],"replies":[{"embeddable":true,"href":"https:\/\/ivybet.org\/pl\/wp-json\/wp\/v2\/comments?post=1420"}],"version-history":[{"count":2,"href":"https:\/\/ivybet.org\/pl\/wp-json\/wp\/v2\/pages\/1420\/revisions"}],"predecessor-version":[{"id":1753,"href":"https:\/\/ivybet.org\/pl\/wp-json\/wp\/v2\/pages\/1420\/revisions\/1753"}],"wp:attachment":[{"href":"https:\/\/ivybet.org\/pl\/wp-json\/wp\/v2\/media?parent=1420"}],"curies":[{"name":"wp","href":"https:\/\/api.w.org\/{rel}","templated":true}]}}