{"id":1471,"date":"2026-04-30T07:31:22","date_gmt":"2026-04-30T06:31:22","guid":{"rendered":"https:\/\/ivybet.org\/login-and-registration\/"},"modified":"2026-04-30T09:40:54","modified_gmt":"2026-04-30T08:40:54","slug":"accesso-e-registrazione","status":"publish","type":"page","link":"https:\/\/ivybet.org\/it\/accesso-e-registrazione\/","title":{"rendered":"Accesso e registrazione"},"content":{"rendered":"<h1>Accesso a Ivybet e registrazione dell&#8217;account<\/h1>\n<p>Ivybet login ti permette di accedere al tuo account dopo la registrazione e giocare con soldi veri nel nostro casin\u00f2. Entrambe le operazioni sono completamente gratuite e richiedono solo un paio di minuti. La nostra offerta di benvenuto, insieme a tutti i titoli e le funzionalit\u00e0, \u00e8 disponibile per i giocatori italiani dopo la registrazione.<\/p>\n<p><div class=\"banner-wrap\" aria-label=\"Banner\"><img src=\"https:\/\/ivybet.org\/wp-content\/uploads\/2026\/04\/ivybet-bonus-desktop.webp\" class=\"w-100 d-none d-lg-block img-pc main-banner-img\" alt=\"Ivybet banner desktop\" fetchpriority=\"high\" decoding=\"async\"><img src=\"https:\/\/ivybet.org\/wp-content\/uploads\/2026\/04\/1_1-2.webp\" class=\"w-100 d-none d-md-block d-lg-none main-banner-img\" alt=\"Ivybet banner mobile\" fetchpriority=\"high\" decoding=\"async\"><img src=\"https:\/\/ivybet.org\/wp-content\/uploads\/2026\/04\/1_1-2.webp\" class=\"w-100 d-md-none\" alt=\"Ivybet banner mobile\" fetchpriority=\"high\" decoding=\"async\"><div class=\"banner-description\">\n<div class=\"banner-title\">Bonus di benvenuto<\/div>\n<p class=\"banner-header-title\">1500 \u20ac<\/p>\n<div class=\"banner-header-AdditionalText\">+ 250 Giri gratuiti<\/div>\n<button data-item=\"homepage_banner_link\" class=\"goto m-button m-gradient-border m-button--primary m-button--large banner-button btn-orange\">\n            <div class=\"m-button-content\">\n                <span>Iscriviti ora<\/span>\n                <span><\/span>\n            <\/div>\n        <\/button>\n<\/div>\n<div class=\"WelcomePack\">\n<p><img loading=\"lazy\" decoding=\"async\" class=\"alignnone size-full wp-image-1372\" src=\"https:\/\/ivybet.org\/wp-content\/uploads\/2026\/01\/welcome-crown.png\" alt=\"welcome crown\" width=\"25\" height=\"26\" \/><\/p>\n<div class=\"WelcomePack-Info\">Cashback settimanale fino al 25%<\/div>\n<p><img loading=\"lazy\" decoding=\"async\" class=\"alignnone size-full wp-image-1372\" src=\"https:\/\/ivybet.org\/wp-content\/uploads\/2026\/01\/welcome-crown.png\" alt=\"welcome crown\" width=\"25\" height=\"26\" \/><\/p>\n<\/div>\n<\/div><div class=\"scrollable-content-wrap my-5\"><div class=\"scrollable-content-inner\"><h2>Registrazione al casin\u00f2 Ivybet<\/h2>\n<p>Non ti chiederemo di passare ore a compilare moduli o di fornire documenti durante la registrazione. Ivybet ha reso il processo il pi\u00f9 semplice possibile. Anche se \u00e8 la tua prima volta in un casin\u00f2 online, non avrai alcuna difficolt\u00e0 ad accedere a tutti i nostri giochi e bonus.<\/p>\n<h3>Come creare il tuo account<\/h3>\n<p>Per diventare membro di Ivy Bet Casino bastano un paio di clic. Tutto inizia con il pulsante &#8220;Registrati&#8221;. Cliccaci sopra e vedrai il primo modulo con i campi obbligatori come l&#8217;e-mail e la password.<\/p>\n<p>Ricorda questi dati, poich\u00e9 li utilizzerai in seguito nella pagina di accesso di Ivybet. Dopo aver inserito queste credenziali, dovrai fornire il tuo nome, indirizzo e numero di telefono. Questo \u00e8 tutto ci\u00f2 che ti serve per iniziare a utilizzare la nostra piattaforma.<\/p>\n<h3>Cosa ottieni dopo la registrazione<\/h3>\n<p>La semplice procedura sopra descritta ti d\u00e0 accesso a tutti i nostri vantaggi.<\/p>\n<ul>\n<li>Subito dopo la registrazione e il tuo primo deposito, potrai richiedere il nostro pacchetto di benvenuto fino a 1.500 \u20ac pi\u00f9 250 giri gratuiti.<\/li>\n<li>L&#8217;intera libreria di Ivybet Casino \u00e8 a tua disposizione. Ci\u00f2 significa che puoi giocare a uno qualsiasi dei nostri oltre 6.000 giochi, inclusi i titoli con croupier dal vivo che non sono disponibili in modalit\u00e0 demo.<\/li>\n<li>Puoi partecipare alle promozioni in corso per guadagnare cashback o rakeback e provare a ottenere ricompense aggiuntive nelle nostre attivit\u00e0 regolari. Abbiamo molti eventi con regali di valore, come il torneo Spinoleague con un montepremi di 12.000.000 \u20ac.<\/li>\n<\/ul>\n<p>Su Ivy Bet Casino, abbiamo regole del sito chiare e accessibili a tutti gli utenti. Anche la nostra lobby \u00e8 aperta per essere esplorata. Puoi dare un&#8217;occhiata a tutto prima di registrarti per vedere esattamente cosa ottieni come uno dei nostri giocatori.<\/p>\n<p><img loading=\"lazy\" decoding=\"async\" src=\"https:\/\/ivybet.org\/wp-content\/uploads\/2026\/04\/Ivybet-Login-1024x440.webp\" alt=\"Ivybet Login\" width=\"1024\" height=\"440\" \/><\/p>\n<h2>Accedi e gestisci il tuo account Ivybet<\/h2>\n<p>Una volta creato il tuo profilo, basta un rapido accesso a Ivy Bet per raggiungere le nostre slot o i giochi crash. Basta usare la tua email e la password, e lo stesso account funziona ovunque. Potresti iniziare su Ivybet Casino da un computer, per poi passare al tuo telefono e installare l&#8217;app in un secondo momento. Tutto, dalle tue scommesse attive al tuo saldo in contanti, si sincronizza automaticamente.<\/p>\n<p>Una volta effettuato l&#8217;accesso, la sezione del profilo diventa il tuo centro di controllo. Contiene le tue statistiche e ti permette di modificare le impostazioni del sito. Ecco una panoramica di cosa fa effettivamente.<\/p>\n<table>\n<tbody>\n<tr>\n<td>Funzionalit\u00e0<\/td>\n<td>Dettagli<\/td>\n<\/tr>\n<tr>\n<td>Cronologia<\/td>\n<td>Il sistema registra automaticamente ogni scommessa e transazione.<\/td>\n<\/tr>\n<tr>\n<td>Gioco responsabile<\/td>\n<td>Puoi impostare un limite di deposito rigoroso proprio qui. Selezionando l&#8217;opzione di autoesclusione, l&#8217;account verr\u00e0 chiuso immediatamente se desideri prenderti una pausa.<\/td>\n<\/tr>\n<tr>\n<td>Gestione del profilo<\/td>\n<td>Ci vuole solo un minuto per cambiare la password o correggere un indirizzo.<\/td>\n<\/tr>\n<tr>\n<td>Programma di affiliazione<\/td>\n<td>Condividere il tuo link personale con gli amici pu\u00f2 farti guadagnare da 10 \u20ac a 1.000 \u20ac a persona. Non poniamo limiti al numero di giocatori che puoi invitare.<\/td>\n<\/tr>\n<tr>\n<td>Monitoraggio della fedelt\u00e0<\/td>\n<td>Una rapida occhiata ti mostra quanto sei vicino al prossimo livello. Evidenzia anche eventuali giri gratuiti e premi in denaro pronti per essere riscossi.<\/td>\n<\/tr>\n<tr>\n<td>Portafoglio<\/td>\n<td>Ricaricare il tuo saldo o richiedere un prelievo richiede solo pochi tocchi.<\/td>\n<\/tr>\n<\/tbody>\n<\/table>\n<h2>Aiuto per problemi di accesso<\/h2>\n<p>Poich\u00e9 per compilare il modulo di accesso a Ivybet sono necessarie solo le credenziali di base, raramente si verificano problemi. Dimenticare la password \u00e8 l&#8217;ostacolo pi\u00f9 comune. Abbiamo reso la risoluzione di questo problema estremamente semplice. Basta toccare l&#8217;opzione di recupero al momento dell&#8217;accesso e un link di reimpostazione verr\u00e0 inviato direttamente alla tua email. In questo modo eviti la seccatura di creare un secondo account e ricominciare da zero. Questo \u00e8 importante perch\u00e9 Ivybet consente un solo profilo per giocatore.<\/p>\n<p>Se la tua password funziona, presta attenzione al messaggio di errore specifico. Il tuo account potrebbe essere temporaneamente sospeso per un controllo di sicurezza. Anche la violazione di una regola comporta lo stesso blocco. Potresti inoltre ricevere un messaggio di errore se non accedi per oltre 12 mesi. A quel punto il profilo diventa inattivo, quindi potrebbe essere applicata una commissione di mantenimento. La soluzione pi\u00f9 semplice \u00e8 chiedere al nostro team di assistenza cosa fare. Puoi utilizzare l&#8217;e-mail o la chat live, che funziona anche se hai effettuato il logout.<\/p>\n<h3>Abitudini utili per la sicurezza<\/h3>\n<p>Proteggiamo i tuoi dati sin dall&#8217;inizio. La nostra piattaforma utilizza strumenti di sicurezza moderni come TLS 1.3 e la crittografia AES a 256 bit. Le tue informazioni personali sono completamente al sicuro su Ivybet. Applichiamo anche sistemi anti-bot in modo che una persona a caso non possa accedere al tuo profilo indovinando le password.<\/p>\n<p>In ogni caso, puoi adottare ulteriori misure per proteggerti al meglio. Attivare l&#8217;autenticazione a due fattori (2FA) \u00e8 l&#8217;opzione pi\u00f9 ovvia. Se effettui l&#8217;accesso a Ivybet da un nuovo dispositivo, dovrai inserire un codice di conferma generato direttamente dalla tua app di autenticazione.<\/p>\n<p>Se dovessi mai accedere al tuo profilo da un computer di lavoro, ricordati semplicemente di effettuare il logout al termine. Puoi infatti controllare la cronologia degli accessi nelle impostazioni di Ivy Bet Casino. Questo ti permette di individuare se qualcun altro sta utilizzando il tuo account, in modo da poter terminare immediatamente tutte le sessioni.<\/p>\n<h2>Verifica su Ivybet Casino<\/h2>\n<p>Prima del tuo primo prelievo, devi superare un processo di verifica. Si tratta semplicemente di una misura di sicurezza standard per confermare la tua et\u00e0 e il tuo indirizzo di residenza. Verifichiamo anche il tuo metodo di pagamento per garantire la massima sicurezza. Una volta completata la procedura, i tuoi prelievi e accessi avverranno senza alcun intoppo.<\/p>\n<p>La procedura richiede semplicemente il caricamento delle foto dei tuoi documenti sul sistema. Il nostro team esamina i file entro 48 ore. Puoi controllare il tuo account su Ivybet Casino per vedere quando il tuo stato cambia ufficialmente.<\/p>\n<h2>Domande frequenti<\/h2>\n<h3>Posso registrarmi su Ivy Bet utilizzando il mio cellulare?<\/h3>\n<p>Dovrai inserire il tuo numero di telefono durante la seconda fase della registrazione. Tuttavia, questo serve principalmente per verificare il tuo account e creare un canale attraverso il quale puoi ricevere notifiche. Il tuo indirizzo e-mail \u00e8 il dato principale con cui ti stai registrando. Dovrai inserire la tua e-mail ogni volta sulla pagina di accesso di Ivybet.<\/p>\n<h3>Cosa succede se inserisco dati personali errati durante la registrazione?<\/h3>\n<p>Puoi correggere manualmente il tuo nome e il tuo numero di telefono nella scheda dell&#8217;account. Altre informazioni, come la tua data di nascita, sono bloccate, ma i nostri agenti dell&#8217;assistenza multilingue possono risolvere il problema per te.<\/p>\n<h3>Cosa devo controllare prima di reimpostare la mia password?<\/h3>\n<p>Verifica di poter accedere all&#8217;indirizzo e-mail collegato al tuo profilo del casin\u00f2. Devi avere accesso a quella specifica casella di posta per utilizzare il link di recupero.<\/p>\n<h3>Perch\u00e9 i miei documenti di verifica sono stati rifiutati?<\/h3>\n<p>I documenti vengono solitamente segnalati se il testo \u00e8 sfocato o difficile da leggere. Ti inviamo sempre un&#8217;e-mail con il motivo esatto, in modo che tu possa correggerlo senza dover indovinare.<\/p>\n<h3>Posso rimanere connesso su pi\u00f9 di un dispositivo contemporaneamente?<\/h3>\n<p>Puoi sicuramente tenere aperto il tuo profilo su un telefono e un laptop contemporaneamente. Controllando la scheda delle impostazioni puoi vedere esattamente dove \u00e8 attivo il tuo account.<\/p>\n<\/div><\/div><\/p>\n","protected":false},"excerpt":{"rendered":"<p>Accesso a Ivybet e registrazione dell&#8217;account Ivybet login ti permette di accedere al tuo account dopo la registrazione e giocare con soldi veri nel nostro casin\u00f2. Entrambe le operazioni sono completamente gratuite e richiedono solo un paio di minuti. La nostra offerta di benvenuto, insieme a tutti i titoli e le funzionalit\u00e0, \u00e8 disponibile per [&hellip;]<\/p>\n","protected":false},"author":25,"featured_media":0,"parent":0,"menu_order":0,"comment_status":"closed","ping_status":"closed","template":"template-builder.php","meta":{"_acf_changed":false,"inline_featured_image":false,"footnotes":""},"class_list":["post-1471","page","type-page","status-publish","hentry"],"acf":[],"yoast_head":"<!-- This site is optimized with the Yoast SEO plugin v27.3 - https:\/\/yoast.com\/product\/yoast-seo-wordpress\/ -->\n<title>Ivybet Login | Crea il tuo account e inizia a giocare<\/title>\n<meta name=\"description\" content=\"Usa Ivy Bet login per accedere, creare il tuo account, gestire le impostazioni e utilizzare bonus, pagamenti e strumenti del profilo da un unico spazio sicuro.\" \/>\n<meta name=\"robots\" content=\"index, follow, max-snippet:-1, max-image-preview:large, max-video-preview:-1\" \/>\n<link rel=\"canonical\" href=\"https:\/\/ivybet.org\/it\/accesso-e-registrazione\/\" \/>\n<meta property=\"og:locale\" content=\"it_IT\" \/>\n<meta property=\"og:type\" content=\"article\" \/>\n<meta property=\"og:title\" content=\"Ivybet Login | Crea il tuo account e inizia a giocare\" \/>\n<meta property=\"og:description\" content=\"Usa Ivy Bet login per accedere, creare il tuo account, gestire le impostazioni e utilizzare bonus, pagamenti e strumenti del profilo da un unico spazio sicuro.\" \/>\n<meta property=\"og:url\" content=\"https:\/\/ivybet.org\/it\/accesso-e-registrazione\/\" \/>\n<meta property=\"og:site_name\" content=\"ivybet\" \/>\n<meta property=\"article:modified_time\" content=\"2026-04-30T08:40:54+00:00\" \/>\n<meta name=\"twitter:card\" content=\"summary_large_image\" \/>\n<meta name=\"twitter:label1\" content=\"Est. reading time\" \/>\n\t<meta name=\"twitter:data1\" content=\"1 minute\" \/>\n<script type=\"application\/ld+json\" class=\"yoast-schema-graph\">{\"@context\":\"https:\\\/\\\/schema.org\",\"@graph\":[{\"@type\":\"WebPage\",\"@id\":\"https:\\\/\\\/ivybet.org\\\/it\\\/accesso-e-registrazione\\\/\",\"url\":\"https:\\\/\\\/ivybet.org\\\/it\\\/accesso-e-registrazione\\\/\",\"name\":\"Ivybet Login | Crea il tuo account e inizia a giocare\",\"isPartOf\":{\"@id\":\"https:\\\/\\\/ivybet.org\\\/it\\\/#website\"},\"datePublished\":\"2026-04-30T06:31:22+00:00\",\"dateModified\":\"2026-04-30T08:40:54+00:00\",\"description\":\"Usa Ivy Bet login per accedere, creare il tuo account, gestire le impostazioni e utilizzare bonus, pagamenti e strumenti del profilo da un unico spazio sicuro.\",\"breadcrumb\":{\"@id\":\"https:\\\/\\\/ivybet.org\\\/it\\\/accesso-e-registrazione\\\/#breadcrumb\"},\"inLanguage\":\"it-IT\",\"potentialAction\":[{\"@type\":\"ReadAction\",\"target\":[\"https:\\\/\\\/ivybet.org\\\/it\\\/accesso-e-registrazione\\\/\"]}]},{\"@type\":\"BreadcrumbList\",\"@id\":\"https:\\\/\\\/ivybet.org\\\/it\\\/accesso-e-registrazione\\\/#breadcrumb\",\"itemListElement\":[{\"@type\":\"ListItem\",\"position\":1,\"name\":\"Ivybet\",\"item\":\"https:\\\/\\\/ivybet.org\\\/it\\\/\"},{\"@type\":\"ListItem\",\"position\":2,\"name\":\"Accesso e registrazione\"}]},{\"@type\":\"WebSite\",\"@id\":\"https:\\\/\\\/ivybet.org\\\/it\\\/#website\",\"url\":\"https:\\\/\\\/ivybet.org\\\/it\\\/\",\"name\":\"Ivybet\",\"description\":\"\",\"publisher\":{\"@id\":\"https:\\\/\\\/ivybet.org\\\/it\\\/#organization\"},\"potentialAction\":[{\"@type\":\"SearchAction\",\"target\":{\"@type\":\"EntryPoint\",\"urlTemplate\":\"https:\\\/\\\/ivybet.org\\\/it\\\/?s={search_term_string}\"},\"query-input\":{\"@type\":\"PropertyValueSpecification\",\"valueRequired\":true,\"valueName\":\"search_term_string\"}}],\"inLanguage\":\"it-IT\"},{\"@type\":\"Organization\",\"@id\":\"https:\\\/\\\/ivybet.org\\\/it\\\/#organization\",\"name\":\"Ivybet\",\"url\":\"https:\\\/\\\/ivybet.org\\\/it\\\/\",\"logo\":{\"@type\":\"ImageObject\",\"inLanguage\":\"it-IT\",\"@id\":\"https:\\\/\\\/ivybet.org\\\/it\\\/#\\\/schema\\\/logo\\\/image\\\/\",\"url\":\"https:\\\/\\\/ivybet.org\\\/wp-content\\\/uploads\\\/2025\\\/06\\\/Jl4YRdvK3i2E9rfhV46C.png\",\"contentUrl\":\"https:\\\/\\\/ivybet.org\\\/wp-content\\\/uploads\\\/2025\\\/06\\\/Jl4YRdvK3i2E9rfhV46C.png\",\"width\":150,\"height\":53,\"caption\":\"Ivybet\"},\"image\":{\"@id\":\"https:\\\/\\\/ivybet.org\\\/it\\\/#\\\/schema\\\/logo\\\/image\\\/\"}}]}<\/script>\n<!-- \/ Yoast SEO plugin. -->","yoast_head_json":{"title":"Ivybet Login | Crea il tuo account e inizia a giocare","description":"Usa Ivy Bet login per accedere, creare il tuo account, gestire le impostazioni e utilizzare bonus, pagamenti e strumenti del profilo da un unico spazio sicuro.","robots":{"index":"index","follow":"follow","max-snippet":"max-snippet:-1","max-image-preview":"max-image-preview:large","max-video-preview":"max-video-preview:-1"},"canonical":"https:\/\/ivybet.org\/it\/accesso-e-registrazione\/","og_locale":"it_IT","og_type":"article","og_title":"Ivybet Login | Crea il tuo account e inizia a giocare","og_description":"Usa Ivy Bet login per accedere, creare il tuo account, gestire le impostazioni e utilizzare bonus, pagamenti e strumenti del profilo da un unico spazio sicuro.","og_url":"https:\/\/ivybet.org\/it\/accesso-e-registrazione\/","og_site_name":"ivybet","article_modified_time":"2026-04-30T08:40:54+00:00","twitter_card":"summary_large_image","twitter_misc":{"Est. reading time":"1 minute"},"schema":{"@context":"https:\/\/schema.org","@graph":[{"@type":"WebPage","@id":"https:\/\/ivybet.org\/it\/accesso-e-registrazione\/","url":"https:\/\/ivybet.org\/it\/accesso-e-registrazione\/","name":"Ivybet Login | Crea il tuo account e inizia a giocare","isPartOf":{"@id":"https:\/\/ivybet.org\/it\/#website"},"datePublished":"2026-04-30T06:31:22+00:00","dateModified":"2026-04-30T08:40:54+00:00","description":"Usa Ivy Bet login per accedere, creare il tuo account, gestire le impostazioni e utilizzare bonus, pagamenti e strumenti del profilo da un unico spazio sicuro.","breadcrumb":{"@id":"https:\/\/ivybet.org\/it\/accesso-e-registrazione\/#breadcrumb"},"inLanguage":"it-IT","potentialAction":[{"@type":"ReadAction","target":["https:\/\/ivybet.org\/it\/accesso-e-registrazione\/"]}]},{"@type":"BreadcrumbList","@id":"https:\/\/ivybet.org\/it\/accesso-e-registrazione\/#breadcrumb","itemListElement":[{"@type":"ListItem","position":1,"name":"Ivybet","item":"https:\/\/ivybet.org\/it\/"},{"@type":"ListItem","position":2,"name":"Accesso e registrazione"}]},{"@type":"WebSite","@id":"https:\/\/ivybet.org\/it\/#website","url":"https:\/\/ivybet.org\/it\/","name":"Ivybet","description":"","publisher":{"@id":"https:\/\/ivybet.org\/it\/#organization"},"potentialAction":[{"@type":"SearchAction","target":{"@type":"EntryPoint","urlTemplate":"https:\/\/ivybet.org\/it\/?s={search_term_string}"},"query-input":{"@type":"PropertyValueSpecification","valueRequired":true,"valueName":"search_term_string"}}],"inLanguage":"it-IT"},{"@type":"Organization","@id":"https:\/\/ivybet.org\/it\/#organization","name":"Ivybet","url":"https:\/\/ivybet.org\/it\/","logo":{"@type":"ImageObject","inLanguage":"it-IT","@id":"https:\/\/ivybet.org\/it\/#\/schema\/logo\/image\/","url":"https:\/\/ivybet.org\/wp-content\/uploads\/2025\/06\/Jl4YRdvK3i2E9rfhV46C.png","contentUrl":"https:\/\/ivybet.org\/wp-content\/uploads\/2025\/06\/Jl4YRdvK3i2E9rfhV46C.png","width":150,"height":53,"caption":"Ivybet"},"image":{"@id":"https:\/\/ivybet.org\/it\/#\/schema\/logo\/image\/"}}]}},"_links":{"self":[{"href":"https:\/\/ivybet.org\/it\/wp-json\/wp\/v2\/pages\/1471","targetHints":{"allow":["GET"]}}],"collection":[{"href":"https:\/\/ivybet.org\/it\/wp-json\/wp\/v2\/pages"}],"about":[{"href":"https:\/\/ivybet.org\/it\/wp-json\/wp\/v2\/types\/page"}],"author":[{"embeddable":true,"href":"https:\/\/ivybet.org\/it\/wp-json\/wp\/v2\/users\/25"}],"replies":[{"embeddable":true,"href":"https:\/\/ivybet.org\/it\/wp-json\/wp\/v2\/comments?post=1471"}],"version-history":[{"count":2,"href":"https:\/\/ivybet.org\/it\/wp-json\/wp\/v2\/pages\/1471\/revisions"}],"predecessor-version":[{"id":1687,"href":"https:\/\/ivybet.org\/it\/wp-json\/wp\/v2\/pages\/1471\/revisions\/1687"}],"wp:attachment":[{"href":"https:\/\/ivybet.org\/it\/wp-json\/wp\/v2\/media?parent=1471"}],"curies":[{"name":"wp","href":"https:\/\/api.w.org\/{rel}","templated":true}]}}