{"id":1418,"date":"2026-04-30T07:27:43","date_gmt":"2026-04-30T06:27:43","guid":{"rendered":"https:\/\/ivybet.org\/app\/"},"modified":"2026-04-30T09:38:55","modified_gmt":"2026-04-30T08:38:55","slug":"applicazione","status":"publish","type":"page","link":"https:\/\/ivybet.org\/it\/applicazione\/","title":{"rendered":"Applicazione"},"content":{"rendered":"<h1>App Ivybet<\/h1>\n<p>Ivybet App ti permette di goderti il nostro casin\u00f2 direttamente dal tuo telefono. Ovunque tu sia, la nostra piattaforma mobile ti dar\u00e0 accesso a migliaia di giochi, tra cui slot online e tavoli live.<\/p>\n<p>Tutte le promozioni di Ivy Bet Casino sono disponibili anche tramite l&#8217;app. I giocatori italiani possono installare facilmente il nostro software su dispositivi Android e iOS e personalizzarlo, rendendo il loro gioco pi\u00f9 fluido e sicuro.<\/p>\n<div class=\"banner-wrap\" aria-label=\"Banner\"><img src=\"https:\/\/ivybet.org\/wp-content\/uploads\/2026\/04\/ivybet-bonus-desktop.webp\" class=\"w-100 d-none d-lg-block img-pc main-banner-img\" alt=\"Ivybet banner desktop\" fetchpriority=\"high\" decoding=\"async\"><img src=\"https:\/\/ivybet.org\/wp-content\/uploads\/2026\/04\/1_1-2.webp\" class=\"w-100 d-none d-md-block d-lg-none main-banner-img\" alt=\"Ivybet banner mobile\" fetchpriority=\"high\" decoding=\"async\"><img src=\"https:\/\/ivybet.org\/wp-content\/uploads\/2026\/04\/1_1-2.webp\" class=\"w-100 d-md-none\" alt=\"Ivybet banner mobile\" fetchpriority=\"high\" decoding=\"async\"><div class=\"banner-description\">\n<div class=\"banner-title\">Bonus di benvenuto<\/div>\n<p class=\"banner-header-title\">1500 \u20ac<\/p>\n<div class=\"banner-header-AdditionalText\">+ 250 Giri gratuiti<\/div>\n<button data-item=\"homepage_banner_link\" class=\"goto m-button m-gradient-border m-button--primary m-button--large banner-button btn-orange\">\n            <div class=\"m-button-content\">\n                <span>Iscriviti ora<\/span>\n                <span><\/span>\n            <\/div>\n        <\/button>\n<\/div>\n<div class=\"WelcomePack\">\n<p><img loading=\"lazy\" decoding=\"async\" class=\"alignnone size-full wp-image-1372\" src=\"https:\/\/ivybet.org\/wp-content\/uploads\/2026\/01\/welcome-crown.png\" alt=\"welcome crown\" width=\"25\" height=\"26\" \/><\/p>\n<div class=\"WelcomePack-Info\">Cashback settimanale fino al 25%<\/div>\n<p><img loading=\"lazy\" decoding=\"async\" class=\"alignnone size-full wp-image-1372\" src=\"https:\/\/ivybet.org\/wp-content\/uploads\/2026\/01\/welcome-crown.png\" alt=\"welcome crown\" width=\"25\" height=\"26\" \/><\/p>\n<\/div>\n<\/div>\n<h2>Vantaggi e caratteristiche dell&#8217;app Ivybet<\/h2>\n<p>Gli smartphone sono la scelta ovvia per un intrattenimento veloce, quindi \u00e8 logico voler avere il casin\u00f2 proprio l\u00ec sul tuo dispositivo. Abbiamo costruito la nostra piattaforma in modo che tu non debba mai rinunciare alle funzionalit\u00e0 reali per quella comodit\u00e0.<\/p>\n<p>L&#8217;app Ivybet e il nostro sito mobile offrono esattamente gli stessi titoli e le stesse funzioni della versione desktop. Quindi, se stai giocando a una slot con jackpot o alla roulette su un grande schermo, puoi prendere il tuo dispositivo e caricare lo stesso gioco. Ecco perch\u00e9 i nostri giocatori continuano a utilizzare l&#8217;app:<\/p>\n<ul>\n<li>L&#8217;installazione richiede solo un paio di secondi direttamente dal nostro sito web.<\/li>\n<li>Abbiamo sviluppato il software come PWA, il che significa che \u00e8 incredibilmente leggero. Si installa facilmente su telefoni iOS o Android senza occupare spazio di archiviazione o consumare la batteria.<\/li>\n<li>Ogni connessione rimane crittografata per la tua sicurezza. Inoltre, richiediamo solo le autorizzazioni di base per Internet e le notifiche, senza cercare dati extra.<\/li>\n<li>Gli avvisi compaiono direttamente sulla tua schermata iniziale. Puoi modificare queste impostazioni in modo che ti inviamo solo un breve promemoria su un nuovo bonus o su un torneo che sta per iniziare.<\/li>\n<li>Si tratta soprattutto di comodit\u00e0. Aspettare che il computer si accenda solo per un paio di giri pu\u00f2 essere frustrante, mentre il tuo cellulare \u00e8 sempre a portata di mano.<\/li>\n<\/ul>\n<p>Una volta che l&#8217;app \u00e8 sul tuo dispositivo, non sarai mai pi\u00f9 legato a una scrivania per il tuo divertimento. Basta avere una connessione Wi-Fi decente o dati mobili e sei a posto.<\/p>\n<p><div class=\"scrollable-content-wrap my-5\"><div class=\"scrollable-content-inner\"><h2>App di Ivybet Casino per iOS<\/h2>\n<p>Non \u00e8 necessario avere l&#8217;ultimo modello di iPhone o iPad per giocare su Ivy Bet Casino. \u00c8 sufficiente un browser Safari aggiornato o qualsiasi altro browser per caricare facilmente il nostro sito web. Questa configurazione ti offre un&#8217;esperienza di gioco affidabile e senza ritardi. Ogni gioco si adatta perfettamente al tuo schermo, il che significa che puoi piazzare scommesse e gestire le tue opzioni con un solo dito.<\/p>\n<p>Puoi sempre installare l&#8217;app Ivybet se vuoi evitare di aprire il browser ogni volta. Basta andare sul nostro sito dal tuo dispositivo, quindi toccare il pulsante Condividi vicino alla barra degli indirizzi. Da l\u00ec, seleziona Aggiungi alla schermata Home. Puoi modificare rapidamente i dettagli del sito web prima di toccare Aggiungi per completare la configurazione.<\/p>\n<h3>Installazione tramite l&#8217;app Scorciatoie<\/h3>\n<p>Per un controllo leggermente maggiore, puoi configurare il nostro software utilizzando l&#8217;app nativa Collegamenti su iOS. Si tratta della stessa piattaforma di Ivybet Casino sul tuo iPhone, ma ti consente di aggiungere dettagli personalizzati come la tua icona e il tuo nome.<\/p>\n<p>Il vero vantaggio sta nell&#8217;automazione. Un collegamento pu\u00f2 caricare il casin\u00f2 e attivare istantaneamente la Modalit\u00e0 Focus per silenziare le notifiche. Puoi anche usarlo per regolare la luminosit\u00e0 o per andare direttamente alla sezione Instant Win o Live. Impostare un promemoria via SMS per controllare i termini del bonus o un timer di 30 minuti \u00e8 altrettanto facile.<\/p>\n<p><img loading=\"lazy\" decoding=\"async\" src=\"https:\/\/ivybet.org\/wp-content\/uploads\/2026\/04\/Ivybet-iOS-App-1024x440.webp\" alt=\"Ivybet iOS App\" width=\"1024\" height=\"440\" \/><\/p>\n<\/div><\/div><div style=\"clear: both\"><\/div><div class=\"d-flex justify-content-center\"><button data-item=\"decouvrez_link\" data-group=\"website_links\" class=\"goto fw-bold rounded-pill btn btn-orange\" aria-label=\"Scarica l&#039;app Ivybet\" >Scarica l&#039;app Ivybet<\/button><\/div><div class=\"scrollable-content-wrap my-5\"><div class=\"scrollable-content-inner\"><h2>App Ivy Bet per Android<\/h2>\n<p>Se utilizzi un dispositivo Android, accedere alla nostra piattaforma mobile \u00e8 semplice. Non dovrai cercare su Google Play n\u00e9 rischiare di scaricare un file APK di Ivybet da una fonte casuale. Puoi installare l&#8217;app direttamente aprendo il nostro sito web in un browser come Chrome.<\/p>\n<p>Basta visitare il sito e toccare il menu Altro vicino alla barra degli indirizzi. Da l\u00ec, basta selezionare l&#8217;opzione per la schermata iniziale. Un breve messaggio ti chieder\u00e0 di confermare il nome del software, cos\u00ec potrai mantenere quello predefinito o digitare il tuo.<\/p>\n<p>Installando il casin\u00f2 mobile Ivybet e creando un account avrai accesso a tutte le nostre promozioni. Si inizia subito con un pacchetto di benvenuto contenente denaro contante e giri gratuiti. Inoltre, completare il processo di verifica per il tuo primo prelievo \u00e8 in realt\u00e0 pi\u00f9 veloce su un telefono. Questo perch\u00e9 puoi scattare foto dei tuoi documenti e caricarle senza cambiare dispositivo.<\/p>\n<p><img loading=\"lazy\" decoding=\"async\" src=\"https:\/\/ivybet.org\/wp-content\/uploads\/2026\/04\/Ivybet-Android-App-1024x440.webp\" alt=\"Ivybet Android App\" width=\"1024\" height=\"440\" \/><\/p>\n<\/div><\/div><div style=\"clear: both\"><\/div><div class=\"d-flex justify-content-center\"><button data-item=\"decouvrez_link\" data-group=\"website_links\" class=\"goto fw-bold rounded-pill btn btn-orange\" aria-label=\"Scarica Ivybet\" >Scarica Ivybet<\/button><\/div><div class=\"scrollable-content-wrap my-5\"><div class=\"scrollable-content-inner\"><h2>Gioca a Ivy Bet Casino su Mac o Windows<\/h2>\n<p>Non ti obblighiamo a utilizzare un dispositivo specifico. Se preferisci una configurazione tradizionale, la versione desktop di Ivybet Casino ti offre la piattaforma completa. Sedersi davanti a un monitor pi\u00f9 grande fa davvero la differenza nella pratica:<\/p>\n<ul>\n<li>I giochi dal vivo come Crazy Time e Mega Wheel tendono a sembrare migliori quando si dispone di pi\u00f9 spazio sullo schermo.<\/li>\n<li>Gestire tavoli live complessi diventa pi\u00f9 semplice. Piazzare le fiches su pi\u00f9 scommesse secondarie al blackjack \u00e8 pi\u00f9 veloce con il mouse.<\/li>\n<li>Scorrere una classifica enorme durante eventi affollati come il Torneo Live richiede pochi secondi.<\/li>\n<li>Puoi tenere d&#8217;occhio la cronologia delle tue scommesse senza mai chiudere la finestra principale del gioco.<\/li>\n<\/ul>\n<p>Molte persone lavorano al computer e non vogliono mescolare le schede del casin\u00f2 con i loro strumenti di lavoro quotidiani. Puoi risolvere questo problema creando un collegamento al sito per installare l&#8217;app di Ivybet localmente. Ci\u00f2 significa che puoi avviare il casin\u00f2 direttamente dal tuo desktop.<\/p>\n<p>Accedi con il tuo profilo standard, indipendentemente dal dispositivo che utilizzi. Tutto, dai tuoi fondi ai tuoi progressi attivi, si aggiorna automaticamente tra il tuo computer e il tuo telefono.<\/p>\n<p><img loading=\"lazy\" decoding=\"async\" src=\"https:\/\/ivybet.org\/wp-content\/uploads\/2026\/04\/Ivybet-Desktop-1024x440.webp\" alt=\"Ivybet Desktop\" width=\"1024\" height=\"440\" \/><\/p>\n<\/div><\/div><div style=\"clear: both\"><\/div><div class=\"d-flex justify-content-center\"><button data-item=\"decouvrez_link\" data-group=\"website_links\" class=\"goto fw-bold rounded-pill btn btn-orange\" aria-label=\"Scarica l&#039;app Ivybet\" >Scarica l&#039;app Ivybet<\/button><\/div><div class=\"scrollable-content-wrap my-5\"><div class=\"scrollable-content-inner\"><h2>Sicurezza e buone abitudini<\/h2>\n<p>Manteniamo la piattaforma protetta. Il sito funziona su TLS 1.3, quindi la tua connessione rimane crittografata dal momento in cui lo apri. Utilizziamo inoltre la tokenizzazione per tutti i dati di pagamento. Le opzioni mobili come Apple Pay e Google Pay funzionano perfettamente e il tuo denaro viene trasferito in modo sicuro.<\/p>\n<p>Da l\u00ec puoi aumentare la tua protezione. Ti consigliamo di attivare l&#8217;autenticazione a due fattori. L&#8217;uso di un&#8217;app di autenticazione sullo stesso telefono di Ivybet Casino rende l&#8217;accesso veloce.<\/p>\n<p>Ti consigliamo di utilizzare reti private invece del Wi-Fi pubblico. \u00c8 anche una buona idea proteggere l&#8217;app del casin\u00f2 con una password o nasconderla completamente. Se dovessi smarrire il tuo dispositivo, il tuo profilo rimarr\u00e0 al sicuro.<\/p>\n<p>Infine, dai un&#8217;occhiata agli strumenti per il gioco responsabile all&#8217;interno dell&#8217;app. Puoi limitare i tuoi depositi o impostare un limite massimo per la durata della tua sessione. Il software gestisce il monitoraggio per te, cos\u00ec non devi preoccuparti di impostare sveglie sul telefono.<\/p>\n<h2>Configurazione ottimale per un gioco fluido<\/h2>\n<p>Non ci vuole molto per avviare l&#8217;app Ivybet, ma il tuo telefono deve comunque gestire il carico. Pubblichiamo aggiornamenti regolari per mantenere stabile il software, il che significa che il resto dipende dalla tua configurazione quotidiana. Anche una piattaforma eccellente risulter\u00e0 lenta se il tuo dispositivo \u00e8 scarico. Una connessione stabile e un sistema aggiornato impediscono che le tue partite si interrompano a met\u00e0 giro, quindi ecco cosa funziona solitamente meglio.<\/p>\n<table>\n<tbody>\n<tr>\n<td>Caratteristica<\/td>\n<td>Cosa consigliamo<\/td>\n<td>Risultato<\/td>\n<\/tr>\n<tr>\n<td>Connessione<\/td>\n<td>Wi-Fi o un segnale 4G\/5G stabile<\/td>\n<td>I video in streaming si interrompono quando il segnale cala, ecco perch\u00e9 una connessione stabile \u00e8 fondamentale per i tavoli live.<\/td>\n<\/tr>\n<tr>\n<td>Scelta del browser<\/td>\n<td>Versioni attuali di Chrome, Safari o Firefox<\/td>\n<td>Un browser aggiornato gestisce correttamente i giochi e protegge la tua pagina di accesso.<\/td>\n<\/tr>\n<tr>\n<td>Aggiornamenti del sistema operativo<\/td>\n<td>Software Apple o Android pi\u00f9 recente<\/td>\n<td>Tutto funziona comunque anche con software meno recenti. Tuttavia, l&#8217;aggiornamento offre semplicemente all&#8217;app un ambiente molto migliore per funzionare velocemente.<\/td>\n<\/tr>\n<tr>\n<td>Spazio di archiviazione sul telefono<\/td>\n<td>Una piccola quantit\u00e0 di spazio<\/td>\n<td>La PWA pesa solo pochi kilobyte, ma memorizza i dati nella cache. Mantenere un po&#8217; di spazio libero garantisce che i giochi si carichino istantaneamente in seguito.<\/td>\n<\/tr>\n<tr>\n<td>Impostazioni della batteria<\/td>\n<td>Modalit\u00e0 normale anzich\u00e9 l&#8217;opzione di risparmio batteria<\/td>\n<td>I telefoni riducono la potenza di elaborazione per risparmiare batteria. Mantenere l&#8217;impostazione standard permette alla piattaforma di funzionare senza fastidiosi ritardi.<\/td>\n<\/tr>\n<\/tbody>\n<\/table>\n<h2>Domande frequenti<\/h2>\n<h3>Quali browser funzionano meglio con l&#8217;app mobile Ivybet?<\/h3>\n<p>Qualsiasi browser moderno va bene. Puoi usare Safari o Edge, oppure qualcosa come Firefox o Brave. L&#8217;importante \u00e8 tenerlo aggiornato in modo che il casin\u00f2 funzioni senza intoppi.<\/p>\n<h3>Il mio saldo verr\u00e0 sincronizzato tra l&#8217;app Ivy Bet e il sito desktop?<\/h3>\n<p>S\u00ec, perch\u00e9 accedi esattamente allo stesso profilo. Anche se ricarichi il tuo conto sul telefono utilizzando Google Pay, quel denaro \u00e8 disponibile quando passi al laptop. Tutto si aggiorna automaticamente.<\/p>\n<h3>Cosa devo fare se l&#8217;applicazione di Ivybet Casino non si carica correttamente?<\/h3>\n<p>Inizia controllando la tua connessione Internet e svuotando la cache. Questo risolve la maggior parte dei problemi. Se hai ancora bisogno di aiuto, accedi alla chat live per parlare con il nostro team di assistenza. Puoi anche inviarci un&#8217;e-mail se la piattaforma non si carica affatto.<\/p>\n<h3>Posso attivare o disattivare le notifiche sul cellulare?<\/h3>\n<p>Puoi gestire tutto direttamente dalle impostazioni del tuo telefono. Sta a te decidere cosa il nostro software pu\u00f2 inviarti. Disattivare le notifiche \u00e8 semplice se non vuoi ricevere avvisi.<\/p>\n<h3>Ho bisogno di una password separata per l&#8217;app mobile?<\/h3>\n<p>Per accedere al tuo account sono necessari i tuoi dati di accesso standard. Detto questo, puoi bloccare l&#8217;app stessa con un codice di accesso separato per una maggiore privacy. In questo modo, nessun altro potr\u00e0 aprire il casin\u00f2 sul tuo telefono.<\/p>\n<\/div><\/div><\/p>\n","protected":false},"excerpt":{"rendered":"<p>App Ivybet Ivybet App ti permette di goderti il nostro casin\u00f2 direttamente dal tuo telefono. Ovunque tu sia, la nostra piattaforma mobile ti dar\u00e0 accesso a migliaia di giochi, tra cui slot online e tavoli live. Tutte le promozioni di Ivy Bet Casino sono disponibili anche tramite l&#8217;app. I giocatori italiani possono installare facilmente il [&hellip;]<\/p>\n","protected":false},"author":25,"featured_media":0,"parent":0,"menu_order":0,"comment_status":"closed","ping_status":"closed","template":"template-builder.php","meta":{"_acf_changed":false,"inline_featured_image":false,"footnotes":""},"class_list":["post-1418","page","type-page","status-publish","hentry"],"acf":[],"yoast_head":"<!-- This site is optimized with the Yoast SEO plugin v27.3 - https:\/\/yoast.com\/product\/yoast-seo-wordpress\/ -->\n<title>Ivybet App | Applicazione mobile ufficiale per Android e iOS<\/title>\n<meta name=\"description\" content=\"L\u2019applicazione Ivy Bet offre ai giocatori un accesso rapido dal browser a slot, giochi dal vivo, pagamenti e assistenza su dispositivi Android, iPhone e tablet.\" \/>\n<meta name=\"robots\" content=\"index, follow, max-snippet:-1, max-image-preview:large, max-video-preview:-1\" \/>\n<link rel=\"canonical\" href=\"https:\/\/ivybet.org\/it\/applicazione\/\" \/>\n<meta property=\"og:locale\" content=\"it_IT\" \/>\n<meta property=\"og:type\" content=\"article\" \/>\n<meta property=\"og:title\" content=\"Ivybet App | Applicazione mobile ufficiale per Android e iOS\" \/>\n<meta property=\"og:description\" content=\"L\u2019applicazione Ivy Bet offre ai giocatori un accesso rapido dal browser a slot, giochi dal vivo, pagamenti e assistenza su dispositivi Android, iPhone e tablet.\" \/>\n<meta property=\"og:url\" content=\"https:\/\/ivybet.org\/it\/applicazione\/\" \/>\n<meta property=\"og:site_name\" content=\"ivybet\" \/>\n<meta property=\"article:modified_time\" content=\"2026-04-30T08:38:55+00:00\" \/>\n<meta name=\"twitter:card\" content=\"summary_large_image\" \/>\n<meta name=\"twitter:label1\" content=\"Est. reading time\" \/>\n\t<meta name=\"twitter:data1\" content=\"2 minutes\" \/>\n<script type=\"application\/ld+json\" class=\"yoast-schema-graph\">{\"@context\":\"https:\\\/\\\/schema.org\",\"@graph\":[{\"@type\":\"WebPage\",\"@id\":\"https:\\\/\\\/ivybet.org\\\/it\\\/applicazione\\\/\",\"url\":\"https:\\\/\\\/ivybet.org\\\/it\\\/applicazione\\\/\",\"name\":\"Ivybet App | Applicazione mobile ufficiale per Android e iOS\",\"isPartOf\":{\"@id\":\"https:\\\/\\\/ivybet.org\\\/it\\\/#website\"},\"datePublished\":\"2026-04-30T06:27:43+00:00\",\"dateModified\":\"2026-04-30T08:38:55+00:00\",\"description\":\"L\u2019applicazione Ivy Bet offre ai giocatori un accesso rapido dal browser a slot, giochi dal vivo, pagamenti e assistenza su dispositivi Android, iPhone e tablet.\",\"breadcrumb\":{\"@id\":\"https:\\\/\\\/ivybet.org\\\/it\\\/applicazione\\\/#breadcrumb\"},\"inLanguage\":\"it-IT\",\"potentialAction\":[{\"@type\":\"ReadAction\",\"target\":[\"https:\\\/\\\/ivybet.org\\\/it\\\/applicazione\\\/\"]}]},{\"@type\":\"BreadcrumbList\",\"@id\":\"https:\\\/\\\/ivybet.org\\\/it\\\/applicazione\\\/#breadcrumb\",\"itemListElement\":[{\"@type\":\"ListItem\",\"position\":1,\"name\":\"Ivybet\",\"item\":\"https:\\\/\\\/ivybet.org\\\/it\\\/\"},{\"@type\":\"ListItem\",\"position\":2,\"name\":\"Applicazione\"}]},{\"@type\":\"WebSite\",\"@id\":\"https:\\\/\\\/ivybet.org\\\/it\\\/#website\",\"url\":\"https:\\\/\\\/ivybet.org\\\/it\\\/\",\"name\":\"Ivybet\",\"description\":\"\",\"publisher\":{\"@id\":\"https:\\\/\\\/ivybet.org\\\/it\\\/#organization\"},\"potentialAction\":[{\"@type\":\"SearchAction\",\"target\":{\"@type\":\"EntryPoint\",\"urlTemplate\":\"https:\\\/\\\/ivybet.org\\\/it\\\/?s={search_term_string}\"},\"query-input\":{\"@type\":\"PropertyValueSpecification\",\"valueRequired\":true,\"valueName\":\"search_term_string\"}}],\"inLanguage\":\"it-IT\"},{\"@type\":\"Organization\",\"@id\":\"https:\\\/\\\/ivybet.org\\\/it\\\/#organization\",\"name\":\"Ivybet\",\"url\":\"https:\\\/\\\/ivybet.org\\\/it\\\/\",\"logo\":{\"@type\":\"ImageObject\",\"inLanguage\":\"it-IT\",\"@id\":\"https:\\\/\\\/ivybet.org\\\/it\\\/#\\\/schema\\\/logo\\\/image\\\/\",\"url\":\"https:\\\/\\\/ivybet.org\\\/wp-content\\\/uploads\\\/2025\\\/06\\\/Jl4YRdvK3i2E9rfhV46C.png\",\"contentUrl\":\"https:\\\/\\\/ivybet.org\\\/wp-content\\\/uploads\\\/2025\\\/06\\\/Jl4YRdvK3i2E9rfhV46C.png\",\"width\":150,\"height\":53,\"caption\":\"Ivybet\"},\"image\":{\"@id\":\"https:\\\/\\\/ivybet.org\\\/it\\\/#\\\/schema\\\/logo\\\/image\\\/\"}}]}<\/script>\n<!-- \/ Yoast SEO plugin. -->","yoast_head_json":{"title":"Ivybet App | Applicazione mobile ufficiale per Android e iOS","description":"L\u2019applicazione Ivy Bet offre ai giocatori un accesso rapido dal browser a slot, giochi dal vivo, pagamenti e assistenza su dispositivi Android, iPhone e tablet.","robots":{"index":"index","follow":"follow","max-snippet":"max-snippet:-1","max-image-preview":"max-image-preview:large","max-video-preview":"max-video-preview:-1"},"canonical":"https:\/\/ivybet.org\/it\/applicazione\/","og_locale":"it_IT","og_type":"article","og_title":"Ivybet App | Applicazione mobile ufficiale per Android e iOS","og_description":"L\u2019applicazione Ivy Bet offre ai giocatori un accesso rapido dal browser a slot, giochi dal vivo, pagamenti e assistenza su dispositivi Android, iPhone e tablet.","og_url":"https:\/\/ivybet.org\/it\/applicazione\/","og_site_name":"ivybet","article_modified_time":"2026-04-30T08:38:55+00:00","twitter_card":"summary_large_image","twitter_misc":{"Est. reading time":"2 minutes"},"schema":{"@context":"https:\/\/schema.org","@graph":[{"@type":"WebPage","@id":"https:\/\/ivybet.org\/it\/applicazione\/","url":"https:\/\/ivybet.org\/it\/applicazione\/","name":"Ivybet App | Applicazione mobile ufficiale per Android e iOS","isPartOf":{"@id":"https:\/\/ivybet.org\/it\/#website"},"datePublished":"2026-04-30T06:27:43+00:00","dateModified":"2026-04-30T08:38:55+00:00","description":"L\u2019applicazione Ivy Bet offre ai giocatori un accesso rapido dal browser a slot, giochi dal vivo, pagamenti e assistenza su dispositivi Android, iPhone e tablet.","breadcrumb":{"@id":"https:\/\/ivybet.org\/it\/applicazione\/#breadcrumb"},"inLanguage":"it-IT","potentialAction":[{"@type":"ReadAction","target":["https:\/\/ivybet.org\/it\/applicazione\/"]}]},{"@type":"BreadcrumbList","@id":"https:\/\/ivybet.org\/it\/applicazione\/#breadcrumb","itemListElement":[{"@type":"ListItem","position":1,"name":"Ivybet","item":"https:\/\/ivybet.org\/it\/"},{"@type":"ListItem","position":2,"name":"Applicazione"}]},{"@type":"WebSite","@id":"https:\/\/ivybet.org\/it\/#website","url":"https:\/\/ivybet.org\/it\/","name":"Ivybet","description":"","publisher":{"@id":"https:\/\/ivybet.org\/it\/#organization"},"potentialAction":[{"@type":"SearchAction","target":{"@type":"EntryPoint","urlTemplate":"https:\/\/ivybet.org\/it\/?s={search_term_string}"},"query-input":{"@type":"PropertyValueSpecification","valueRequired":true,"valueName":"search_term_string"}}],"inLanguage":"it-IT"},{"@type":"Organization","@id":"https:\/\/ivybet.org\/it\/#organization","name":"Ivybet","url":"https:\/\/ivybet.org\/it\/","logo":{"@type":"ImageObject","inLanguage":"it-IT","@id":"https:\/\/ivybet.org\/it\/#\/schema\/logo\/image\/","url":"https:\/\/ivybet.org\/wp-content\/uploads\/2025\/06\/Jl4YRdvK3i2E9rfhV46C.png","contentUrl":"https:\/\/ivybet.org\/wp-content\/uploads\/2025\/06\/Jl4YRdvK3i2E9rfhV46C.png","width":150,"height":53,"caption":"Ivybet"},"image":{"@id":"https:\/\/ivybet.org\/it\/#\/schema\/logo\/image\/"}}]}},"_links":{"self":[{"href":"https:\/\/ivybet.org\/it\/wp-json\/wp\/v2\/pages\/1418","targetHints":{"allow":["GET"]}}],"collection":[{"href":"https:\/\/ivybet.org\/it\/wp-json\/wp\/v2\/pages"}],"about":[{"href":"https:\/\/ivybet.org\/it\/wp-json\/wp\/v2\/types\/page"}],"author":[{"embeddable":true,"href":"https:\/\/ivybet.org\/it\/wp-json\/wp\/v2\/users\/25"}],"replies":[{"embeddable":true,"href":"https:\/\/ivybet.org\/it\/wp-json\/wp\/v2\/comments?post=1418"}],"version-history":[{"count":2,"href":"https:\/\/ivybet.org\/it\/wp-json\/wp\/v2\/pages\/1418\/revisions"}],"predecessor-version":[{"id":1685,"href":"https:\/\/ivybet.org\/it\/wp-json\/wp\/v2\/pages\/1418\/revisions\/1685"}],"wp:attachment":[{"href":"https:\/\/ivybet.org\/it\/wp-json\/wp\/v2\/media?parent=1418"}],"curies":[{"name":"wp","href":"https:\/\/api.w.org\/{rel}","templated":true}]}}