{"id":1465,"date":"2026-04-30T07:31:22","date_gmt":"2026-04-30T06:31:22","guid":{"rendered":"https:\/\/ivybet.org\/login-and-registration\/"},"modified":"2026-04-30T08:07:18","modified_gmt":"2026-04-30T07:07:18","slug":"connexion-et-inscription","status":"publish","type":"page","link":"https:\/\/ivybet.org\/fr\/connexion-et-inscription\/","title":{"rendered":"Connexion et inscription"},"content":{"rendered":"<h1>Connexion \u00e0 Ivybet et cr\u00e9ation de compte<\/h1>\n<p>Une inscription rapide et un Ivybet login sont n\u00e9cessaires pour jouer \u00e0 des jeux en argent r\u00e9el sur notre casino. Ces deux processus sont enti\u00e8rement gratuits et ne prennent que quelques minutes. Notre offre de bienvenue, ainsi que tous les jeux et fonctionnalit\u00e9s, est accessible aux joueurs apr\u00e8s inscription.<\/p>\n<p><div class=\"banner-wrap\" aria-label=\"Banner\"><img src=\"https:\/\/ivybet.org\/wp-content\/uploads\/2026\/04\/ivybet-bonus-desktop.webp\" class=\"w-100 d-none d-lg-block img-pc main-banner-img\" alt=\"Ivybet banner desktop\" fetchpriority=\"high\" decoding=\"async\"><img src=\"https:\/\/ivybet.org\/wp-content\/uploads\/2026\/04\/1_1-2.webp\" class=\"w-100 d-none d-md-block d-lg-none main-banner-img\" alt=\"Ivybet banner mobile\" fetchpriority=\"high\" decoding=\"async\"><img src=\"https:\/\/ivybet.org\/wp-content\/uploads\/2026\/04\/1_1-2.webp\" class=\"w-100 d-md-none\" alt=\"Ivybet banner mobile\" fetchpriority=\"high\" decoding=\"async\"><div class=\"banner-description\">\n<div class=\"banner-title\">Bonus de bienvenue<\/div>\n<p class=\"banner-header-title\">1500 \u20ac<\/p>\n<div class=\"banner-header-AdditionalText\">+ 250 Tours gratuits<\/div>\n<button data-item=\"homepage_banner_link\" class=\"goto m-button m-gradient-border m-button--primary m-button--large banner-button btn-orange\">\n            <div class=\"m-button-content\">\n                <span>Inscrivez-vous d\u00e8s maintenant<\/span>\n                <span><\/span>\n            <\/div>\n        <\/button>\n<\/div>\n<div class=\"WelcomePack\">\n<p><img loading=\"lazy\" decoding=\"async\" class=\"alignnone size-full wp-image-1372\" src=\"https:\/\/ivybet.org\/wp-content\/uploads\/2026\/01\/welcome-crown.png\" alt=\"welcome crown\" width=\"25\" height=\"26\" \/><\/p>\n<div class=\"WelcomePack-Info\">Cashback hebdomadaire jusqu&rsquo;\u00e0 25 %<\/div>\n<p><img loading=\"lazy\" decoding=\"async\" class=\"alignnone size-full wp-image-1372\" src=\"https:\/\/ivybet.org\/wp-content\/uploads\/2026\/01\/welcome-crown.png\" alt=\"welcome crown\" width=\"25\" height=\"26\" \/><\/p>\n<\/div>\n<\/div><div class=\"scrollable-content-wrap my-5\"><div class=\"scrollable-content-inner\"><h2>Inscription au casino Ivybet<\/h2>\n<p>Nous ne vous demanderons pas de passer des heures \u00e0 remplir des formulaires ni de fournir des documents lors de votre inscription. Ivybet a simplifi\u00e9 au maximum le processus. M\u00eame si c&rsquo;est votre premi\u00e8re fois sur un casino en ligne, vous n&rsquo;aurez aucun mal \u00e0 acc\u00e9der \u00e0 tous nos jeux et bonus.<\/p>\n<h3>Comment cr\u00e9er votre compte<\/h3>\n<p>Devenir membre d&rsquo;Ivy Bet Casino ne n\u00e9cessite que quelques clics. Tout commence par le bouton \u00ab S&rsquo;inscrire \u00bb. Cliquez dessus et vous verrez appara\u00eetre le premier formulaire avec les champs obligatoires tels que l&rsquo;adresse e-mail et le mot de passe.<\/p>\n<p>M\u00e9morisez ces informations, car vous en aurez besoin plus tard sur la page de connexion d&rsquo;Ivybet. Apr\u00e8s avoir saisi ces identifiants, vous devrez fournir votre nom, votre adresse et votre num\u00e9ro de t\u00e9l\u00e9phone. C&rsquo;est tout ce dont vous avez besoin pour commencer \u00e0 utiliser notre plateforme.<\/p>\n<h3>Ce dont vous b\u00e9n\u00e9ficiez apr\u00e8s votre inscription<\/h3>\n<p>Cette proc\u00e9dure simple mentionn\u00e9e ci-dessus vous donne acc\u00e8s \u00e0 tous nos avantages.<\/p>\n<ul>\n<li>D\u00e8s que vous vous \u00eates inscrit et que vous avez effectu\u00e9 votre premier d\u00e9p\u00f4t, vous pouvez r\u00e9clamer notre offre de bienvenue pouvant aller jusqu&rsquo;\u00e0 1 500 \u20ac plus 250 tours gratuits.<\/li>\n<li>L&rsquo;int\u00e9gralit\u00e9 de la biblioth\u00e8que d&rsquo;Ivybet Casino est \u00e0 votre disposition. Cela signifie que vous pouvez jouer \u00e0 n&rsquo;importe lequel de nos plus de 6 000 jeux, y compris les titres avec croupier en direct qui ne sont pas disponibles en mode d\u00e9mo.<\/li>\n<li>Vous pouvez participer \u00e0 des promotions en cours pour gagner des remises en argent ou des rakebacks et tenter d&rsquo;obtenir des r\u00e9compenses suppl\u00e9mentaires dans le cadre de nos activit\u00e9s r\u00e9guli\u00e8res. Nous organisons de nombreux \u00e9v\u00e9nements avec des cadeaux de grande valeur, comme le tournoi Spinoleague dot\u00e9 d&rsquo;une cagnotte de 12 000 000 \u20ac.<\/li>\n<\/ul>\n<p>Chez Ivy Bet Casino, nous avons des r\u00e8gles claires et accessibles \u00e0 tous les utilisateurs. Notre lobby est \u00e9galement ouvert \u00e0 votre exploration. Vous pouvez tout d\u00e9couvrir avant de vous inscrire pour voir exactement ce dont vous b\u00e9n\u00e9ficierez en tant que joueur.<\/p>\n<p><img loading=\"lazy\" decoding=\"async\" src=\"https:\/\/ivybet.org\/wp-content\/uploads\/2026\/04\/Ivybet-Login-1024x440.webp\" alt=\"Ivybet Login\" width=\"1024\" height=\"440\" \/><\/p>\n<h2>Connectez-vous et g\u00e9rez votre compte Ivybet<\/h2>\n<p>Une fois votre profil cr\u00e9\u00e9, une simple connexion \u00e0 Ivy Bet suffit pour acc\u00e9der \u00e0 nos machines \u00e0 sous ou \u00e0 nos jeux crash. Il vous suffit d&rsquo;utiliser votre e-mail et votre mot de passe, et ce m\u00eame compte fonctionne partout. Vous pouvez commencer \u00e0 jouer sur Ivybet Casino depuis un ordinateur, puis passer sur votre t\u00e9l\u00e9phone pour installer l&rsquo;application plus tard. Tout, de vos paris en cours \u00e0 votre solde en esp\u00e8ces, se synchronise automatiquement.<\/p>\n<p>Une fois connect\u00e9, la section profil devient votre centre de contr\u00f4le. Elle contient vos statistiques et vous permet de modifier les param\u00e8tres du site. Voici un aper\u00e7u de ce qu\u2019elle permet de faire.<\/p>\n<table>\n<tbody>\n<tr>\n<td>Fonctionnalit\u00e9<\/td>\n<td>D\u00e9tails<\/td>\n<\/tr>\n<tr>\n<td>Historique<\/td>\n<td>Le syst\u00e8me enregistre automatiquement chaque pari et chaque transaction.<\/td>\n<\/tr>\n<tr>\n<td>Jeu responsable<\/td>\n<td>Vous pouvez d\u00e9finir ici une limite de d\u00e9p\u00f4t stricte. En s\u00e9lectionnant l&rsquo;option d&rsquo;auto-exclusion, votre compte sera imm\u00e9diatement ferm\u00e9 si vous souhaitez faire une pause.<\/td>\n<\/tr>\n<tr>\n<td>Gestion du profil<\/td>\n<td>Il ne faut qu&rsquo;une minute pour changer de mot de passe ou modifier une adresse.<\/td>\n<\/tr>\n<tr>\n<td>Programme d&rsquo;affiliation<\/td>\n<td>Partager votre lien personnel avec vos amis peut vous rapporter entre 10 \u20ac et 1 000 \u20ac par personne. Nous ne limitons pas le nombre de joueurs que vous pouvez inviter.<\/td>\n<\/tr>\n<tr>\n<td>Suivi de fid\u00e9lit\u00e9<\/td>\n<td>Un coup d&rsquo;\u0153il rapide vous permet de voir \u00e0 quel point vous \u00eates proche du prochain niveau. Il met \u00e9galement en \u00e9vidence les tours gratuits et les r\u00e9compenses en argent que vous pouvez r\u00e9clamer.<\/td>\n<\/tr>\n<tr>\n<td>Portefeuille<\/td>\n<td>Recharger votre solde ou demander un retrait ne n\u00e9cessite que quelques clics.<\/td>\n<\/tr>\n<\/tbody>\n<\/table>\n<h2>Aide en cas de probl\u00e8mes de connexion<\/h2>\n<p>Comme vous n&rsquo;avez besoin que d&rsquo;informations d&rsquo;identification de base pour remplir le formulaire de connexion Ivybet, les probl\u00e8mes sont rares. L&rsquo;oubli du mot de passe est l&rsquo;obstacle le plus courant. Nous vous permettons de le r\u00e9soudre tr\u00e8s facilement. Il vous suffit de cliquer sur l&rsquo;option de r\u00e9cup\u00e9ration lors de la connexion, et un lien de r\u00e9initialisation vous sera envoy\u00e9 directement par e-mail. Vous \u00e9vitez ainsi la peine de cr\u00e9er un deuxi\u00e8me compte et de repartir de z\u00e9ro. C&rsquo;est important, car Ivybet n&rsquo;autorise qu&rsquo;un seul profil par joueur.<\/p>\n<p>Si votre mot de passe fonctionne, pr\u00eatez attention au message d&rsquo;erreur sp\u00e9cifique. Votre compte est peut-\u00eatre temporairement suspendu pour un contr\u00f4le de s\u00e9curit\u00e9. Une infraction aux r\u00e8gles entra\u00eene le m\u00eame blocage. Vous pouvez \u00e9galement rencontrer une erreur si vous ne vous connectez pas pendant plus de 12 mois. Le profil devient inactif \u00e0 ce stade et des frais de maintenance peuvent s&rsquo;appliquer. La solution la plus simple est de demander \u00e0 notre \u00e9quipe d&rsquo;assistance ce qu&rsquo;il faut faire ensuite. Vous pouvez utiliser l&rsquo;e-mail ou le chat en direct, qui fonctionne m\u00eame si vous \u00eates d\u00e9connect\u00e9.<\/p>\n<h3>Bonnes pratiques de s\u00e9curit\u00e9<\/h3>\n<p>Nous prot\u00e9geons vos donn\u00e9es d\u00e8s le d\u00e9part. Notre plateforme utilise des outils de s\u00e9curit\u00e9 modernes tels que le protocole TLS 1.3 et le chiffrement AES 256 bits. Vos informations personnelles sont totalement en s\u00e9curit\u00e9 chez Ivybet. Nous utilisons \u00e9galement des syst\u00e8mes anti-bot afin qu&rsquo;une personne lambda ne puisse pas acc\u00e9der \u00e0 votre profil en devinant vos mots de passe.<\/p>\n<p>Vous pouvez n\u00e9anmoins prendre des mesures suppl\u00e9mentaires pour vous prot\u00e9ger davantage. La mise en place de l&rsquo;authentification \u00e0 deux facteurs (2FA) est l&rsquo;option la plus \u00e9vidente. Si vous vous reconnectez \u00e0 Ivybet depuis un nouvel appareil, vous devrez saisir un code de confirmation provenant directement de votre application d&rsquo;authentification.<\/p>\n<p>Si jamais vous acc\u00e9dez \u00e0 votre profil depuis un ordinateur professionnel, n&rsquo;oubliez pas de vous d\u00e9connecter lorsque vous avez termin\u00e9. Vous pouvez d&rsquo;ailleurs consulter l&rsquo;historique de vos connexions dans les param\u00e8tres d&rsquo;Ivy Bet Casino. Cela vous permet de rep\u00e9rer si quelqu&rsquo;un d&rsquo;autre utilise votre compte, afin de pouvoir mettre fin imm\u00e9diatement \u00e0 toutes les sessions.<\/p>\n<h2>V\u00e9rification sur Ivybet Casino<\/h2>\n<p>Avant votre premier retrait, vous devez passer par un processus de v\u00e9rification. Il s&rsquo;agit simplement d&rsquo;une mesure de s\u00e9curit\u00e9 standard visant \u00e0 confirmer votre \u00e2ge et votre adresse personnelle. Nous v\u00e9rifions \u00e9galement votre moyen de paiement pour garantir la s\u00e9curit\u00e9 des op\u00e9rations. Une fois cette \u00e9tape franchie, vos retraits et vos connexions s&rsquo;effectuent sans aucun retard.<\/p>\n<p>Le processus consiste simplement \u00e0 t\u00e9l\u00e9charger des photos de vos documents sur le syst\u00e8me. Notre \u00e9quipe examine les fichiers dans les 48 heures. Vous pouvez consulter votre compte Ivybet Casino pour voir quand votre statut change officiellement.<\/p>\n<h2>FAQ<\/h2>\n<h3>Puis-je m&rsquo;inscrire sur Ivy Bet depuis mon t\u00e9l\u00e9phone portable ?<\/h3>\n<p>Vous devrez saisir votre num\u00e9ro de t\u00e9l\u00e9phone lors de la deuxi\u00e8me \u00e9tape de l&rsquo;inscription. Mais cela sert principalement \u00e0 v\u00e9rifier votre compte et \u00e0 cr\u00e9er un canal par lequel vous pouvez recevoir des notifications. Votre adresse e-mail est la principale information utilis\u00e9e pour votre inscription. Vous devrez saisir votre adresse e-mail \u00e0 chaque fois sur la page de connexion d&rsquo;Ivybet.<\/p>\n<h3>Que se passe-t-il si je saisis des informations personnelles incorrectes lors de l&rsquo;inscription ?<\/h3>\n<p>Vous pouvez corriger votre nom et votre num\u00e9ro de t\u00e9l\u00e9phone manuellement dans l&rsquo;onglet Compte. D&rsquo;autres informations, comme votre date de naissance, sont verrouill\u00e9es, mais nos agents d&rsquo;assistance multilingues peuvent les modifier pour vous.<\/p>\n<h3>Que dois-je v\u00e9rifier avant de r\u00e9initialiser mon mot de passe ?<\/h3>\n<p>V\u00e9rifiez que vous pouvez vous connecter \u00e0 l&rsquo;adresse e-mail associ\u00e9e \u00e0 votre profil de casino. Vous devez avoir acc\u00e8s \u00e0 cette bo\u00eete de r\u00e9ception sp\u00e9cifique pour utiliser le lien de r\u00e9cup\u00e9ration.<\/p>\n<h3>Pourquoi mes documents de v\u00e9rification ont-ils \u00e9t\u00e9 rejet\u00e9s ?<\/h3>\n<p>Les documents sont g\u00e9n\u00e9ralement signal\u00e9s si le texte est flou ou difficile \u00e0 lire. Nous vous envoyons toujours un e-mail indiquant la raison exacte afin que vous puissiez corriger le probl\u00e8me sans avoir \u00e0 deviner.<\/p>\n<h3>Puis-je rester connect\u00e9 sur plusieurs appareils en m\u00eame temps ?<\/h3>\n<p>Vous pouvez tout \u00e0 fait avoir votre profil ouvert \u00e0 la fois sur un t\u00e9l\u00e9phone et un ordinateur portable. L&rsquo;onglet Param\u00e8tres vous indique exactement o\u00f9 votre compte est actif.<\/p>\n<\/div><\/div><\/p>\n","protected":false},"excerpt":{"rendered":"<p>Connexion \u00e0 Ivybet et cr\u00e9ation de compte Une inscription rapide et un Ivybet login sont n\u00e9cessaires pour jouer \u00e0 des jeux en argent r\u00e9el sur notre casino. Ces deux processus sont enti\u00e8rement gratuits et ne prennent que quelques minutes. Notre offre de bienvenue, ainsi que tous les jeux et fonctionnalit\u00e9s, est accessible aux joueurs apr\u00e8s [&hellip;]<\/p>\n","protected":false},"author":25,"featured_media":0,"parent":0,"menu_order":0,"comment_status":"closed","ping_status":"closed","template":"template-builder.php","meta":{"_acf_changed":false,"inline_featured_image":false,"footnotes":""},"class_list":["post-1465","page","type-page","status-publish","hentry"],"acf":[],"yoast_head":"<!-- This site is optimized with the Yoast SEO plugin v27.3 - https:\/\/yoast.com\/product\/yoast-seo-wordpress\/ -->\n<title>Ivybet Login | Cr\u00e9ez votre compte et commencez \u00e0 jouer<\/title>\n<meta name=\"description\" content=\"Utilisez Ivy Bet login pour vous connecter, cr\u00e9er votre compte, g\u00e9rer vos param\u00e8tres et acc\u00e9der aux bonus, paiements et outils de profil depuis un espace s\u00e9curis\u00e9.\" \/>\n<meta name=\"robots\" content=\"index, follow, max-snippet:-1, max-image-preview:large, max-video-preview:-1\" \/>\n<link rel=\"canonical\" href=\"https:\/\/ivybet.org\/fr\/connexion-et-inscription\/\" \/>\n<meta property=\"og:locale\" content=\"fr_FR\" \/>\n<meta property=\"og:type\" content=\"article\" \/>\n<meta property=\"og:title\" content=\"Ivybet Login | Cr\u00e9ez votre compte et commencez \u00e0 jouer\" \/>\n<meta property=\"og:description\" content=\"Utilisez Ivy Bet login pour vous connecter, cr\u00e9er votre compte, g\u00e9rer vos param\u00e8tres et acc\u00e9der aux bonus, paiements et outils de profil depuis un espace s\u00e9curis\u00e9.\" \/>\n<meta property=\"og:url\" content=\"https:\/\/ivybet.org\/fr\/connexion-et-inscription\/\" \/>\n<meta property=\"og:site_name\" content=\"ivybet\" \/>\n<meta property=\"article:modified_time\" content=\"2026-04-30T07:07:18+00:00\" \/>\n<meta name=\"twitter:card\" content=\"summary_large_image\" \/>\n<meta name=\"twitter:label1\" content=\"Dur\u00e9e de lecture estim\u00e9e\" \/>\n\t<meta name=\"twitter:data1\" content=\"1 minute\" \/>\n<script type=\"application\/ld+json\" class=\"yoast-schema-graph\">{\"@context\":\"https:\\\/\\\/schema.org\",\"@graph\":[{\"@type\":\"WebPage\",\"@id\":\"https:\\\/\\\/ivybet.org\\\/fr\\\/connexion-et-inscription\\\/\",\"url\":\"https:\\\/\\\/ivybet.org\\\/fr\\\/connexion-et-inscription\\\/\",\"name\":\"Ivybet Login | Cr\u00e9ez votre compte et commencez \u00e0 jouer\",\"isPartOf\":{\"@id\":\"https:\\\/\\\/ivybet.org\\\/fr\\\/#website\"},\"datePublished\":\"2026-04-30T06:31:22+00:00\",\"dateModified\":\"2026-04-30T07:07:18+00:00\",\"description\":\"Utilisez Ivy Bet login pour vous connecter, cr\u00e9er votre compte, g\u00e9rer vos param\u00e8tres et acc\u00e9der aux bonus, paiements et outils de profil depuis un espace s\u00e9curis\u00e9.\",\"breadcrumb\":{\"@id\":\"https:\\\/\\\/ivybet.org\\\/fr\\\/connexion-et-inscription\\\/#breadcrumb\"},\"inLanguage\":\"fr-FR\",\"potentialAction\":[{\"@type\":\"ReadAction\",\"target\":[\"https:\\\/\\\/ivybet.org\\\/fr\\\/connexion-et-inscription\\\/\"]}]},{\"@type\":\"BreadcrumbList\",\"@id\":\"https:\\\/\\\/ivybet.org\\\/fr\\\/connexion-et-inscription\\\/#breadcrumb\",\"itemListElement\":[{\"@type\":\"ListItem\",\"position\":1,\"name\":\"Ivybet\",\"item\":\"https:\\\/\\\/ivybet.org\\\/fr\\\/\"},{\"@type\":\"ListItem\",\"position\":2,\"name\":\"Connexion et inscription\"}]},{\"@type\":\"WebSite\",\"@id\":\"https:\\\/\\\/ivybet.org\\\/fr\\\/#website\",\"url\":\"https:\\\/\\\/ivybet.org\\\/fr\\\/\",\"name\":\"Ivybet\",\"description\":\"\",\"publisher\":{\"@id\":\"https:\\\/\\\/ivybet.org\\\/fr\\\/#organization\"},\"potentialAction\":[{\"@type\":\"SearchAction\",\"target\":{\"@type\":\"EntryPoint\",\"urlTemplate\":\"https:\\\/\\\/ivybet.org\\\/fr\\\/?s={search_term_string}\"},\"query-input\":{\"@type\":\"PropertyValueSpecification\",\"valueRequired\":true,\"valueName\":\"search_term_string\"}}],\"inLanguage\":\"fr-FR\"},{\"@type\":\"Organization\",\"@id\":\"https:\\\/\\\/ivybet.org\\\/fr\\\/#organization\",\"name\":\"Ivybet\",\"url\":\"https:\\\/\\\/ivybet.org\\\/fr\\\/\",\"logo\":{\"@type\":\"ImageObject\",\"inLanguage\":\"fr-FR\",\"@id\":\"https:\\\/\\\/ivybet.org\\\/fr\\\/#\\\/schema\\\/logo\\\/image\\\/\",\"url\":\"https:\\\/\\\/ivybet.org\\\/wp-content\\\/uploads\\\/2025\\\/06\\\/Jl4YRdvK3i2E9rfhV46C.png\",\"contentUrl\":\"https:\\\/\\\/ivybet.org\\\/wp-content\\\/uploads\\\/2025\\\/06\\\/Jl4YRdvK3i2E9rfhV46C.png\",\"width\":150,\"height\":53,\"caption\":\"Ivybet\"},\"image\":{\"@id\":\"https:\\\/\\\/ivybet.org\\\/fr\\\/#\\\/schema\\\/logo\\\/image\\\/\"}}]}<\/script>\n<!-- \/ Yoast SEO plugin. -->","yoast_head_json":{"title":"Ivybet Login | Cr\u00e9ez votre compte et commencez \u00e0 jouer","description":"Utilisez Ivy Bet login pour vous connecter, cr\u00e9er votre compte, g\u00e9rer vos param\u00e8tres et acc\u00e9der aux bonus, paiements et outils de profil depuis un espace s\u00e9curis\u00e9.","robots":{"index":"index","follow":"follow","max-snippet":"max-snippet:-1","max-image-preview":"max-image-preview:large","max-video-preview":"max-video-preview:-1"},"canonical":"https:\/\/ivybet.org\/fr\/connexion-et-inscription\/","og_locale":"fr_FR","og_type":"article","og_title":"Ivybet Login | Cr\u00e9ez votre compte et commencez \u00e0 jouer","og_description":"Utilisez Ivy Bet login pour vous connecter, cr\u00e9er votre compte, g\u00e9rer vos param\u00e8tres et acc\u00e9der aux bonus, paiements et outils de profil depuis un espace s\u00e9curis\u00e9.","og_url":"https:\/\/ivybet.org\/fr\/connexion-et-inscription\/","og_site_name":"ivybet","article_modified_time":"2026-04-30T07:07:18+00:00","twitter_card":"summary_large_image","twitter_misc":{"Dur\u00e9e de lecture estim\u00e9e":"1 minute"},"schema":{"@context":"https:\/\/schema.org","@graph":[{"@type":"WebPage","@id":"https:\/\/ivybet.org\/fr\/connexion-et-inscription\/","url":"https:\/\/ivybet.org\/fr\/connexion-et-inscription\/","name":"Ivybet Login | Cr\u00e9ez votre compte et commencez \u00e0 jouer","isPartOf":{"@id":"https:\/\/ivybet.org\/fr\/#website"},"datePublished":"2026-04-30T06:31:22+00:00","dateModified":"2026-04-30T07:07:18+00:00","description":"Utilisez Ivy Bet login pour vous connecter, cr\u00e9er votre compte, g\u00e9rer vos param\u00e8tres et acc\u00e9der aux bonus, paiements et outils de profil depuis un espace s\u00e9curis\u00e9.","breadcrumb":{"@id":"https:\/\/ivybet.org\/fr\/connexion-et-inscription\/#breadcrumb"},"inLanguage":"fr-FR","potentialAction":[{"@type":"ReadAction","target":["https:\/\/ivybet.org\/fr\/connexion-et-inscription\/"]}]},{"@type":"BreadcrumbList","@id":"https:\/\/ivybet.org\/fr\/connexion-et-inscription\/#breadcrumb","itemListElement":[{"@type":"ListItem","position":1,"name":"Ivybet","item":"https:\/\/ivybet.org\/fr\/"},{"@type":"ListItem","position":2,"name":"Connexion et inscription"}]},{"@type":"WebSite","@id":"https:\/\/ivybet.org\/fr\/#website","url":"https:\/\/ivybet.org\/fr\/","name":"Ivybet","description":"","publisher":{"@id":"https:\/\/ivybet.org\/fr\/#organization"},"potentialAction":[{"@type":"SearchAction","target":{"@type":"EntryPoint","urlTemplate":"https:\/\/ivybet.org\/fr\/?s={search_term_string}"},"query-input":{"@type":"PropertyValueSpecification","valueRequired":true,"valueName":"search_term_string"}}],"inLanguage":"fr-FR"},{"@type":"Organization","@id":"https:\/\/ivybet.org\/fr\/#organization","name":"Ivybet","url":"https:\/\/ivybet.org\/fr\/","logo":{"@type":"ImageObject","inLanguage":"fr-FR","@id":"https:\/\/ivybet.org\/fr\/#\/schema\/logo\/image\/","url":"https:\/\/ivybet.org\/wp-content\/uploads\/2025\/06\/Jl4YRdvK3i2E9rfhV46C.png","contentUrl":"https:\/\/ivybet.org\/wp-content\/uploads\/2025\/06\/Jl4YRdvK3i2E9rfhV46C.png","width":150,"height":53,"caption":"Ivybet"},"image":{"@id":"https:\/\/ivybet.org\/fr\/#\/schema\/logo\/image\/"}}]}},"_links":{"self":[{"href":"https:\/\/ivybet.org\/fr\/wp-json\/wp\/v2\/pages\/1465","targetHints":{"allow":["GET"]}}],"collection":[{"href":"https:\/\/ivybet.org\/fr\/wp-json\/wp\/v2\/pages"}],"about":[{"href":"https:\/\/ivybet.org\/fr\/wp-json\/wp\/v2\/types\/page"}],"author":[{"embeddable":true,"href":"https:\/\/ivybet.org\/fr\/wp-json\/wp\/v2\/users\/25"}],"replies":[{"embeddable":true,"href":"https:\/\/ivybet.org\/fr\/wp-json\/wp\/v2\/comments?post=1465"}],"version-history":[{"count":2,"href":"https:\/\/ivybet.org\/fr\/wp-json\/wp\/v2\/pages\/1465\/revisions"}],"predecessor-version":[{"id":1522,"href":"https:\/\/ivybet.org\/fr\/wp-json\/wp\/v2\/pages\/1465\/revisions\/1522"}],"wp:attachment":[{"href":"https:\/\/ivybet.org\/fr\/wp-json\/wp\/v2\/media?parent=1465"}],"curies":[{"name":"wp","href":"https:\/\/api.w.org\/{rel}","templated":true}]}}