{"id":1414,"date":"2026-04-30T07:27:43","date_gmt":"2026-04-30T06:27:43","guid":{"rendered":"https:\/\/ivybet.org\/app\/"},"modified":"2026-04-30T08:43:49","modified_gmt":"2026-04-30T07:43:49","slug":"app","status":"publish","type":"page","link":"https:\/\/ivybet.org\/de\/app\/","title":{"rendered":"App"},"content":{"rendered":"<h1>Ivybet App<\/h1>\n<p>Wir haben die Ivybet App entwickelt, damit Sie unser Casino von Ihrem Smartphone aus genie\u00dfen k\u00f6nnen. Egal, wo Sie sich befinden, unsere mobile Plattform bietet Ihnen Zugriff auf Tausende von Spielen, darunter Online-Slots und Live-Tische.<\/p>\n<p>Alle Ivy Bet Casino Aktionen sind ebenfalls \u00fcber die App verf\u00fcgbar. Spieler k\u00f6nnen unsere Software ganz einfach auf Android- und iOS-Ger\u00e4ten installieren und personalisieren, wodurch ihr Spielerlebnis reibungsloser und sicherer wird.<\/p>\n<div class=\"banner-wrap\" aria-label=\"Banner\"><img src=\"https:\/\/ivybet.org\/wp-content\/uploads\/2026\/04\/ivybet-bonus-desktop.webp\" class=\"w-100 d-none d-lg-block img-pc main-banner-img\" alt=\"Ivybet banner desktop\" fetchpriority=\"high\" decoding=\"async\"><img src=\"https:\/\/ivybet.org\/wp-content\/uploads\/2026\/04\/1_1-2.webp\" class=\"w-100 d-none d-md-block d-lg-none main-banner-img\" alt=\"Ivybet banner mobile\" fetchpriority=\"high\" decoding=\"async\"><img src=\"https:\/\/ivybet.org\/wp-content\/uploads\/2026\/04\/1_1-2.webp\" class=\"w-100 d-md-none\" alt=\"Ivybet banner mobile\" fetchpriority=\"high\" decoding=\"async\"><div class=\"banner-description\">\n<div class=\"banner-title\">Willkommensboni<\/div>\n<p class=\"banner-header-title\">1500 \u20ac<\/p>\n<div class=\"banner-header-AdditionalText\">+ 250 Freispiele<\/div>\n<button data-item=\"homepage_banner_link\" class=\"goto m-button m-gradient-border m-button--primary m-button--large banner-button btn-orange\">\n            <div class=\"m-button-content\">\n                <span>Jetzt anmelden<\/span>\n                <span><\/span>\n            <\/div>\n        <\/button>\n<\/div>\n<div class=\"WelcomePack\">\n<p><img loading=\"lazy\" decoding=\"async\" class=\"alignnone size-full wp-image-1372\" src=\"https:\/\/ivybet.org\/wp-content\/uploads\/2026\/01\/welcome-crown.png\" alt=\"welcome crown\" width=\"25\" height=\"26\" \/><\/p>\n<div class=\"WelcomePack-Info\">W\u00f6chentlicher Cashback von bis zu 25 %<\/div>\n<p><img loading=\"lazy\" decoding=\"async\" class=\"alignnone size-full wp-image-1372\" src=\"https:\/\/ivybet.org\/wp-content\/uploads\/2026\/01\/welcome-crown.png\" alt=\"welcome crown\" width=\"25\" height=\"26\" \/><\/p>\n<\/div>\n<\/div>\n<h2>Vorteile und Funktionen der Ivybet App<\/h2>\n<p>Smartphones sind die erste Wahl f\u00fcr schnelle Unterhaltung, daher ist es nur logisch, dass Sie das Casino direkt auf Ihrem Ger\u00e4t haben m\u00f6chten. Wir haben unsere Plattform so gestaltet, dass Sie f\u00fcr diesen Komfort niemals auf echte Funktionen verzichten m\u00fcssen.<\/p>\n<p>Die Ivybet App und unsere mobile Website bieten genau dieselben Titel und Funktionen wie die Desktop-Version. Wenn Sie also auf einem gro\u00dfen Bildschirm an einem Jackpot-Slot oder am Roulette-Rad drehen, k\u00f6nnen Sie Ihr Ger\u00e4t zur Hand nehmen und dasselbe Spiel laden. Hier sind die Gr\u00fcnde, warum unsere Spieler der App treu bleiben:<\/p>\n<ul>\n<li>Die Installation dauert nur wenige Sekunden direkt von unserer Website aus.<\/li>\n<li>Wir haben die Software als PWA entwickelt, was bedeutet, dass sie unglaublich ressourcenschonend ist. Sie l\u00e4sst sich problemlos auf iOS- oder Android-Smartphones installieren, ohne Ihren Speicherplatz zu belasten oder den Akku zu entladen.<\/li>\n<li>Jede Verbindung bleibt zu Ihrer Sicherheit verschl\u00fcsselt. Dar\u00fcber hinaus erteilen wir nur grundlegende Internet- und Benachrichtigungsberechtigungen, anstatt nach zus\u00e4tzlichen Daten zu fragen.<\/li>\n<li>Benachrichtigungen erscheinen direkt auf Ihrem Startbildschirm. Sie k\u00f6nnen diese Einstellungen anpassen, sodass wir Ihnen nur eine kurze Erinnerung an einen neuen Bonus oder ein bald beginnendes Turnier senden.<\/li>\n<li>Im Grunde geht es vor allem um Komfort. Es kann frustrierend sein, darauf zu warten, dass sich ein Computer einschaltet, nur um ein paar Runden zu spielen, w\u00e4hrend Ihr Handy immer griffbereit ist.<\/li>\n<\/ul>\n<p>Sobald die App auf Ihrem Ger\u00e4t installiert ist, sind Sie f\u00fcr Ihre Unterhaltung nicht mehr an einen Schreibtisch gebunden. Solange Sie \u00fcber eine gute WLAN-Verbindung oder mobile Daten verf\u00fcgen, k\u00f6nnen Sie loslegen.<\/p>\n<p><div class=\"scrollable-content-wrap my-5\"><div class=\"scrollable-content-inner\"><h2>Ivybet Casino App f\u00fcr iOS<\/h2>\n<p>Sie ben\u00f6tigen kein aktuelles iPhone oder iPad, um im Ivy Bet Casino zu spielen. Eine aktualisierte Version von Safari oder ein anderer Browser reicht aus, um unsere Website problemlos zu laden. Diese Konfiguration bietet Ihnen ein zuverl\u00e4ssiges Spielerlebnis ohne Verz\u00f6gerungen. Jedes Spiel passt sich perfekt an Ihren Bildschirm an, sodass Sie mit nur einem Finger Wetten platzieren und Ihre Optionen steuern k\u00f6nnen.<\/p>\n<p>Sie k\u00f6nnen jederzeit die Ivybet App installieren, wenn Sie nicht jedes Mal den Browser \u00f6ffnen m\u00f6chten. Rufen Sie einfach unsere Website auf Ihrem Ger\u00e4t auf und tippen Sie dann auf die Schaltfl\u00e4che \u201eTeilen\u201c neben der Adressleiste. W\u00e4hlen Sie dort \u201eZum Startbildschirm hinzuf\u00fcgen\u201c. Sie k\u00f6nnen die Website-Details schnell bearbeiten, bevor Sie auf \u201eHinzuf\u00fcgen\u201c tippen, um die Einrichtung abzuschlie\u00dfen.<\/p>\n<h3>Installation \u00fcber die Shortcuts-App<\/h3>\n<p>F\u00fcr etwas mehr Kontrolle k\u00f6nnen Sie unsere Software \u00fcber die native Shortcuts-App auf iOS einrichten. Es handelt sich um dieselbe Ivybet Casino Plattform wie auf Ihrem iPhone, aber Sie k\u00f6nnen benutzerdefinierte Details wie Ihr eigenes Symbol und Ihren Namen hinzuf\u00fcgen.<\/p>\n<p>Der eigentliche Vorteil liegt in der Automatisierung. Eine Verkn\u00fcpfung kann das Casino laden und sofort den Fokusmodus ausl\u00f6sen, um Ihre Benachrichtigungen stummzuschalten. Sie k\u00f6nnen sie auch verwenden, um die Helligkeit anzupassen oder direkt zum Bereich Instant Win oder zum Live-Bereich zu gelangen. Das Einrichten einer Text-Erinnerung zur \u00dcberpr\u00fcfung der Bonusbedingungen oder eines 30-Minuten-Timers ist ebenso einfach.<\/p>\n<p><img loading=\"lazy\" decoding=\"async\" src=\"https:\/\/ivybet.org\/wp-content\/uploads\/2026\/04\/Ivybet-iOS-App-1024x440.webp\" alt=\"Ivybet iOS App\" width=\"1024\" height=\"440\" \/><\/p>\n<\/div><\/div><div style=\"clear: both\"><\/div><div class=\"d-flex justify-content-center\"><button data-item=\"decouvrez_link\" data-group=\"website_links\" class=\"goto fw-bold rounded-pill btn btn-orange\" aria-label=\"Laden Sie die Ivybet-App herunter\" >Laden Sie die Ivybet-App herunter<\/button><\/div><div class=\"scrollable-content-wrap my-5\"><div class=\"scrollable-content-inner\"><h2>Ivy Bet App f\u00fcr Android<\/h2>\n<p>Wenn Sie ein Android-Ger\u00e4t nutzen, ist der Zugriff auf unsere mobile Plattform ganz einfach. Sie m\u00fcssen nicht Google Play durchforsten oder das Risiko eingehen, eine Ivybet APK-Datei aus einer beliebigen Quelle herunterzuladen. Sie k\u00f6nnen die App direkt installieren, indem Sie unsere Website in einem Browser wie Chrome \u00f6ffnen.<\/p>\n<p>Sie m\u00fcssen lediglich die Website aufrufen und auf das Men\u00fc \u201eMehr\u201c neben Ihrer Adressleiste tippen. Von dort aus w\u00e4hlen Sie einfach die Option f\u00fcr Ihren Startbildschirm aus. In einer kurzen Eingabeaufforderung werden Sie gebeten, den Namen der Software zu best\u00e4tigen, sodass Sie den Standardnamen beibehalten oder einen eigenen eingeben k\u00f6nnen.<\/p>\n<p>Durch die Installation des Ivybet Mobile Casinos und die Erstellung eines Kontos stehen Ihnen alle unsere Aktionen offen. Das beginnt sofort mit einem Willkommenspaket, das Bargeld und Freispiele enth\u00e4lt. Sp\u00e4ter ist die Durchf\u00fchrung des Verifizierungsprozesses f\u00fcr Ihre erste Auszahlung auf einem Smartphone sogar schneller. Das liegt daran, dass Sie Fotos Ihrer Dokumente machen und diese hochladen k\u00f6nnen, ohne das Ger\u00e4t zu wechseln.<\/p>\n<p><img loading=\"lazy\" decoding=\"async\" src=\"https:\/\/ivybet.org\/wp-content\/uploads\/2026\/04\/Ivybet-Android-App-1024x440.webp\" alt=\"Ivybet Android App\" width=\"1024\" height=\"440\" \/><\/p>\n<\/div><\/div><div style=\"clear: both\"><\/div><div class=\"d-flex justify-content-center\"><button data-item=\"decouvrez_link\" data-group=\"website_links\" class=\"goto fw-bold rounded-pill btn btn-orange\" aria-label=\"Ivybet herunterladen\" >Ivybet herunterladen<\/button><\/div><div class=\"scrollable-content-wrap my-5\"><div class=\"scrollable-content-inner\"><h2>Spielen Sie Ivy Bet Casino auf Mac oder Windows<\/h2>\n<p>Wir zwingen Sie nicht dazu, ein bestimmtes Ger\u00e4t zu verwenden. Wenn Sie eine traditionelle Konfiguration bevorzugen, bietet Ihnen die Desktop-Version des Ivybet Casinos die komplette Plattform. Vor einem gr\u00f6\u00dferen Monitor zu sitzen, macht in der Praxis einen echten Unterschied:<\/p>\n<ul>\n<li>Lebendige Spielshows wie Crazy Time und Mega Wheel sehen in der Regel besser aus, wenn Sie mehr Platz auf dem Bildschirm haben.<\/li>\n<li>Die Verwaltung komplexer Live-Tische wird einfacher. Das Setzen von Chips auf mehrere Blackjack-Nebenwetten geht mit der Maus schneller.<\/li>\n<li>Das Scrollen durch eine riesige Rangliste bei stark frequentierten Events wie dem Live Turnier dauert nur Sekunden.<\/li>\n<li>Sie k\u00f6nnen Ihren Einsatzverlauf im Auge behalten, ohne jemals das Hauptspielfenster schlie\u00dfen zu m\u00fcssen.<\/li>\n<\/ul>\n<p>Viele Menschen arbeiten am Computer und m\u00f6chten Casino-Tabs nicht mit ihren t\u00e4glichen Arbeitswerkzeugen vermischen. Sie k\u00f6nnen dieses Problem l\u00f6sen, indem Sie eine Verkn\u00fcpfung zur Website erstellen, um die Ivybet App lokal zu installieren. Das bedeutet, dass Sie das Casino direkt von Ihrem Desktop aus starten.<\/p>\n<p>Sie melden sich mit Ihrem Standardprofil an, unabh\u00e4ngig davon, welches Ger\u00e4t Sie gerade nutzen. Alles, von Ihrem Guthaben bis hin zu Ihren aktiven Fortschritten, wird automatisch zwischen Ihrem Computer und Ihrem Smartphone synchronisiert.<\/p>\n<p><img loading=\"lazy\" decoding=\"async\" src=\"https:\/\/ivybet.org\/wp-content\/uploads\/2026\/04\/Ivybet-Desktop-1024x440.webp\" alt=\"Ivybet Desktop\" width=\"1024\" height=\"440\" \/><\/p>\n<\/div><\/div><div style=\"clear: both\"><\/div><div class=\"d-flex justify-content-center\"><button data-item=\"decouvrez_link\" data-group=\"website_links\" class=\"goto fw-bold rounded-pill btn btn-orange\" aria-label=\"Laden Sie die Ivybet-App herunter\" >Laden Sie die Ivybet-App herunter<\/button><\/div><div class=\"scrollable-content-wrap my-5\"><div class=\"scrollable-content-inner\"><h2>Sicherheit und gute Gewohnheiten<\/h2>\n<p>Wir sorgen f\u00fcr eine strenge Absicherung der Plattform. Die Website l\u00e4uft unter TLS 1.3, sodass Ihre Verbindung vom Moment des Aufrufs an verschl\u00fcsselt bleibt. Au\u00dferdem verwenden wir Tokenisierung f\u00fcr alle Zahlungsdaten. Mobile Zahlungsoptionen wie Apple Pay und Google Pay funktionieren einwandfrei, und Ihr Geld wird sicher transferiert.<\/p>\n<p>Sie k\u00f6nnen Ihren eigenen Schutz zus\u00e4tzlich erh\u00f6hen. Wir empfehlen, die Zwei-Faktor-Authentifizierung zu aktivieren. Die Verwendung einer Authentifizierungs-App auf demselben Smartphone wie das Ivybet Casino erm\u00f6glicht eine schnelle Anmeldung.<\/p>\n<p>Wir empfehlen, private Netzwerke anstelle von \u00f6ffentlichem WLAN zu nutzen. Es ist auch ratsam, die Casino-App mit einem Passwort zu sch\u00fctzen oder sie ganz zu verstecken. Sollte Ihr Ger\u00e4t verloren gehen, bleibt Ihr Profil unzug\u00e4nglich.<\/p>\n<p>Schauen Sie sich abschlie\u00dfend die Tools f\u00fcr verantwortungsbewusstes Spielen in der App an. Sie k\u00f6nnen Ihre Einzahlungen begrenzen oder ein festes Limit f\u00fcr Ihre Spielzeit festlegen. Die Software \u00fcbernimmt die Nachverfolgung f\u00fcr Sie, sodass Sie sich nicht die M\u00fche machen m\u00fcssen, Weckzeiten auf Ihrem Smartphone einzustellen.<\/p>\n<h2>Optimale Konfiguration f\u00fcr reibungsloses Spielen<\/h2>\n<p>Es ist nicht viel n\u00f6tig, um die Ivybet App zu starten, aber Ihr Smartphone muss die Last dennoch bew\u00e4ltigen k\u00f6nnen. Wir ver\u00f6ffentlichen regelm\u00e4\u00dfig Updates, um die Software stabil zu halten, was bedeutet, dass der Rest von Ihrer t\u00e4glichen Konfiguration abh\u00e4ngt. Selbst eine gro\u00dfartige Plattform wird langsam, wenn Ihr Ger\u00e4t am Ende seiner Kapazit\u00e4t ist. Eine stabile Verbindung und ein aktuelles Betriebssystem verhindern, dass Ihre Runden mitten im Dreh abbrechen. Hier sind also die Einstellungen, die in der Regel am besten funktionieren.<\/p>\n<table>\n<tbody>\n<tr>\n<td>Funktion<\/td>\n<td>Unsere Empfehlung<\/td>\n<td>Ergebnis<\/td>\n<\/tr>\n<tr>\n<td>Verbindung<\/td>\n<td>WLAN oder ein stabiles 4G\/5G-Signal<\/td>\n<td>Videostreams brechen ab, wenn Ihr Signal schw\u00e4cher wird, weshalb eine stabile Verbindung f\u00fcr Live-Tische wichtig ist.<\/td>\n<\/tr>\n<tr>\n<td>Browserauswahl<\/td>\n<td>Aktuelle Versionen von Chrome, Safari oder Firefox<\/td>\n<td>Ein aktualisierter Browser verarbeitet die Spiele ordnungsgem\u00e4\u00df und sichert Ihre Anmeldeseite.<\/td>\n<\/tr>\n<tr>\n<td>Betriebssystem-Updates<\/td>\n<td>Aktuellste Apple- oder Android-Software<\/td>\n<td>Auch auf \u00e4lterer Software funktioniert alles weiterhin. Ein Update sorgt jedoch f\u00fcr eine deutlich bessere Umgebung, in der die App schneller l\u00e4uft.<\/td>\n<\/tr>\n<tr>\n<td>Speicherplatz auf dem Smartphone<\/td>\n<td>Ein wenig Speicherplatz<\/td>\n<td>Die PWA ist nur wenige Kilobyte gro\u00df, speichert jedoch Daten im Cache. Wenn Sie etwas Speicherplatz frei halten, stellen Sie sicher, dass die Spiele sp\u00e4ter sofort geladen werden.<\/td>\n<\/tr>\n<tr>\n<td>Akku-Einstellungen<\/td>\n<td>Normalmodus statt Energiesparmodus<\/td>\n<td>Smartphones drosseln die Rechenleistung, um Akku zu sparen. Wenn Sie den Standardmodus beibehalten, l\u00e4uft die Plattform ohne st\u00f6rende Verz\u00f6gerungen.<\/td>\n<\/tr>\n<\/tbody>\n<\/table>\n<h2>FAQ<\/h2>\n<h3>Welche Browser funktionieren am besten mit der Ivybet App?<\/h3>\n<p>Jeder moderne Browser erf\u00fcllt seinen Zweck. Sie k\u00f6nnen beim Standardbrowser Safari oder Edge bleiben oder einen Browser wie Firefox oder Brave verwenden. Wichtig ist vor allem, dass Sie ihn auf dem neuesten Stand halten, damit das Casino reibungslos l\u00e4uft.<\/p>\n<h3>Wird mein Guthaben zwischen der Ivybet App und der Desktop-Website synchronisiert?<\/h3>\n<p>Ja, da Sie sich mit genau demselben Profil anmelden. Selbst wenn Sie Ihr Konto auf Ihrem Smartphone \u00fcber Google Pay aufladen, steht Ihnen dieses Guthaben sofort zur Verf\u00fcgung, wenn Sie auf einen Laptop umsteigen. Alles wird automatisch aktualisiert.<\/p>\n<h3>Was soll ich tun, wenn die Ivybet Casino App nicht richtig geladen wird?<\/h3>\n<p>\u00dcberpr\u00fcfen Sie zun\u00e4chst Ihre Internetverbindung und leeren Sie den Cache. Das behebt die meisten Probleme. Wenn Sie weiterhin Hilfe ben\u00f6tigen, nutzen Sie den Live-Chat, um mit unserem Support-Team zu sprechen. Sie k\u00f6nnen uns auch eine E-Mail senden, falls die Plattform sich \u00fcberhaupt nicht laden l\u00e4sst.<\/p>\n<h3>Kann ich mobile Benachrichtigungen ein- oder ausschalten?<\/h3>\n<p>All dies regeln Sie direkt in Ihren Telefoneinstellungen. Es liegt ganz bei Ihnen zu entscheiden, welche Benachrichtigungen unsere Software senden darf. Das Deaktivieren von Benachrichtigungen ist ganz einfach, wenn Sie keine Benachrichtigungen erhalten m\u00f6chten.<\/p>\n<h3>Ben\u00f6tige ich ein separates Passwort f\u00fcr die mobile App?<\/h3>\n<p>F\u00fcr den Zugriff auf Ihr Konto ben\u00f6tigen Sie Ihre \u00fcblichen Anmeldedaten. Sie k\u00f6nnen die App jedoch mit einem separaten Passwort sperren, um den Datenschutz zu verbessern. Dadurch kann niemand anderes das Casino auf Ihrem Smartphone \u00f6ffnen.<\/p>\n<\/div><\/div><\/p>\n","protected":false},"excerpt":{"rendered":"<p>Ivybet App Wir haben die Ivybet App entwickelt, damit Sie unser Casino von Ihrem Smartphone aus genie\u00dfen k\u00f6nnen. Egal, wo Sie sich befinden, unsere mobile Plattform bietet Ihnen Zugriff auf Tausende von Spielen, darunter Online-Slots und Live-Tische. Alle Ivy Bet Casino Aktionen sind ebenfalls \u00fcber die App verf\u00fcgbar. Spieler k\u00f6nnen unsere Software ganz einfach auf [&hellip;]<\/p>\n","protected":false},"author":25,"featured_media":0,"parent":0,"menu_order":0,"comment_status":"closed","ping_status":"closed","template":"template-builder.php","meta":{"_acf_changed":false,"inline_featured_image":false,"footnotes":""},"class_list":["post-1414","page","type-page","status-publish","hentry"],"acf":[],"yoast_head":"<!-- This site is optimized with the Yoast SEO plugin v27.3 - https:\/\/yoast.com\/product\/yoast-seo-wordpress\/ -->\n<title>Ivybet App | Offizielle mobile Anwendung f\u00fcr Android und iOS<\/title>\n<meta name=\"description\" content=\"Die Ivy Bet Anwendung bietet Spielern schnellen browserbasierten Zugriff auf Slots, Live-Spiele, Zahlungen und Support auf Android-, iPhone- und Tablet-Ger\u00e4ten.\" \/>\n<meta name=\"robots\" content=\"index, follow, max-snippet:-1, max-image-preview:large, max-video-preview:-1\" \/>\n<link rel=\"canonical\" href=\"https:\/\/ivybet.org\/de\/app\/\" \/>\n<meta property=\"og:locale\" content=\"de_DE\" \/>\n<meta property=\"og:type\" content=\"article\" \/>\n<meta property=\"og:title\" content=\"Ivybet App | Offizielle mobile Anwendung f\u00fcr Android und iOS\" \/>\n<meta property=\"og:description\" content=\"Die Ivy Bet Anwendung bietet Spielern schnellen browserbasierten Zugriff auf Slots, Live-Spiele, Zahlungen und Support auf Android-, iPhone- und Tablet-Ger\u00e4ten.\" \/>\n<meta property=\"og:url\" content=\"https:\/\/ivybet.org\/de\/app\/\" \/>\n<meta property=\"og:site_name\" content=\"ivybet\" \/>\n<meta property=\"article:modified_time\" content=\"2026-04-30T07:43:49+00:00\" \/>\n<meta name=\"twitter:card\" content=\"summary_large_image\" \/>\n<meta name=\"twitter:label1\" content=\"Gesch\u00e4tzte Lesezeit\" \/>\n\t<meta name=\"twitter:data1\" content=\"2\u00a0Minuten\" \/>\n<script type=\"application\/ld+json\" class=\"yoast-schema-graph\">{\"@context\":\"https:\\\/\\\/schema.org\",\"@graph\":[{\"@type\":\"WebPage\",\"@id\":\"https:\\\/\\\/ivybet.org\\\/de\\\/app\\\/\",\"url\":\"https:\\\/\\\/ivybet.org\\\/de\\\/app\\\/\",\"name\":\"Ivybet App | Offizielle mobile Anwendung f\u00fcr Android und iOS\",\"isPartOf\":{\"@id\":\"https:\\\/\\\/ivybet.org\\\/de\\\/#website\"},\"datePublished\":\"2026-04-30T06:27:43+00:00\",\"dateModified\":\"2026-04-30T07:43:49+00:00\",\"description\":\"Die Ivy Bet Anwendung bietet Spielern schnellen browserbasierten Zugriff auf Slots, Live-Spiele, Zahlungen und Support auf Android-, iPhone- und Tablet-Ger\u00e4ten.\",\"breadcrumb\":{\"@id\":\"https:\\\/\\\/ivybet.org\\\/de\\\/app\\\/#breadcrumb\"},\"inLanguage\":\"de\",\"potentialAction\":[{\"@type\":\"ReadAction\",\"target\":[\"https:\\\/\\\/ivybet.org\\\/de\\\/app\\\/\"]}]},{\"@type\":\"BreadcrumbList\",\"@id\":\"https:\\\/\\\/ivybet.org\\\/de\\\/app\\\/#breadcrumb\",\"itemListElement\":[{\"@type\":\"ListItem\",\"position\":1,\"name\":\"Ivybet\",\"item\":\"https:\\\/\\\/ivybet.org\\\/de\\\/\"},{\"@type\":\"ListItem\",\"position\":2,\"name\":\"App\"}]},{\"@type\":\"WebSite\",\"@id\":\"https:\\\/\\\/ivybet.org\\\/de\\\/#website\",\"url\":\"https:\\\/\\\/ivybet.org\\\/de\\\/\",\"name\":\"Ivybet\",\"description\":\"\",\"publisher\":{\"@id\":\"https:\\\/\\\/ivybet.org\\\/de\\\/#organization\"},\"potentialAction\":[{\"@type\":\"SearchAction\",\"target\":{\"@type\":\"EntryPoint\",\"urlTemplate\":\"https:\\\/\\\/ivybet.org\\\/de\\\/?s={search_term_string}\"},\"query-input\":{\"@type\":\"PropertyValueSpecification\",\"valueRequired\":true,\"valueName\":\"search_term_string\"}}],\"inLanguage\":\"de\"},{\"@type\":\"Organization\",\"@id\":\"https:\\\/\\\/ivybet.org\\\/de\\\/#organization\",\"name\":\"Ivybet\",\"url\":\"https:\\\/\\\/ivybet.org\\\/de\\\/\",\"logo\":{\"@type\":\"ImageObject\",\"inLanguage\":\"de\",\"@id\":\"https:\\\/\\\/ivybet.org\\\/de\\\/#\\\/schema\\\/logo\\\/image\\\/\",\"url\":\"https:\\\/\\\/ivybet.org\\\/wp-content\\\/uploads\\\/2025\\\/06\\\/Jl4YRdvK3i2E9rfhV46C.png\",\"contentUrl\":\"https:\\\/\\\/ivybet.org\\\/wp-content\\\/uploads\\\/2025\\\/06\\\/Jl4YRdvK3i2E9rfhV46C.png\",\"width\":150,\"height\":53,\"caption\":\"Ivybet\"},\"image\":{\"@id\":\"https:\\\/\\\/ivybet.org\\\/de\\\/#\\\/schema\\\/logo\\\/image\\\/\"}}]}<\/script>\n<!-- \/ Yoast SEO plugin. -->","yoast_head_json":{"title":"Ivybet App | Offizielle mobile Anwendung f\u00fcr Android und iOS","description":"Die Ivy Bet Anwendung bietet Spielern schnellen browserbasierten Zugriff auf Slots, Live-Spiele, Zahlungen und Support auf Android-, iPhone- und Tablet-Ger\u00e4ten.","robots":{"index":"index","follow":"follow","max-snippet":"max-snippet:-1","max-image-preview":"max-image-preview:large","max-video-preview":"max-video-preview:-1"},"canonical":"https:\/\/ivybet.org\/de\/app\/","og_locale":"de_DE","og_type":"article","og_title":"Ivybet App | Offizielle mobile Anwendung f\u00fcr Android und iOS","og_description":"Die Ivy Bet Anwendung bietet Spielern schnellen browserbasierten Zugriff auf Slots, Live-Spiele, Zahlungen und Support auf Android-, iPhone- und Tablet-Ger\u00e4ten.","og_url":"https:\/\/ivybet.org\/de\/app\/","og_site_name":"ivybet","article_modified_time":"2026-04-30T07:43:49+00:00","twitter_card":"summary_large_image","twitter_misc":{"Gesch\u00e4tzte Lesezeit":"2\u00a0Minuten"},"schema":{"@context":"https:\/\/schema.org","@graph":[{"@type":"WebPage","@id":"https:\/\/ivybet.org\/de\/app\/","url":"https:\/\/ivybet.org\/de\/app\/","name":"Ivybet App | Offizielle mobile Anwendung f\u00fcr Android und iOS","isPartOf":{"@id":"https:\/\/ivybet.org\/de\/#website"},"datePublished":"2026-04-30T06:27:43+00:00","dateModified":"2026-04-30T07:43:49+00:00","description":"Die Ivy Bet Anwendung bietet Spielern schnellen browserbasierten Zugriff auf Slots, Live-Spiele, Zahlungen und Support auf Android-, iPhone- und Tablet-Ger\u00e4ten.","breadcrumb":{"@id":"https:\/\/ivybet.org\/de\/app\/#breadcrumb"},"inLanguage":"de","potentialAction":[{"@type":"ReadAction","target":["https:\/\/ivybet.org\/de\/app\/"]}]},{"@type":"BreadcrumbList","@id":"https:\/\/ivybet.org\/de\/app\/#breadcrumb","itemListElement":[{"@type":"ListItem","position":1,"name":"Ivybet","item":"https:\/\/ivybet.org\/de\/"},{"@type":"ListItem","position":2,"name":"App"}]},{"@type":"WebSite","@id":"https:\/\/ivybet.org\/de\/#website","url":"https:\/\/ivybet.org\/de\/","name":"Ivybet","description":"","publisher":{"@id":"https:\/\/ivybet.org\/de\/#organization"},"potentialAction":[{"@type":"SearchAction","target":{"@type":"EntryPoint","urlTemplate":"https:\/\/ivybet.org\/de\/?s={search_term_string}"},"query-input":{"@type":"PropertyValueSpecification","valueRequired":true,"valueName":"search_term_string"}}],"inLanguage":"de"},{"@type":"Organization","@id":"https:\/\/ivybet.org\/de\/#organization","name":"Ivybet","url":"https:\/\/ivybet.org\/de\/","logo":{"@type":"ImageObject","inLanguage":"de","@id":"https:\/\/ivybet.org\/de\/#\/schema\/logo\/image\/","url":"https:\/\/ivybet.org\/wp-content\/uploads\/2025\/06\/Jl4YRdvK3i2E9rfhV46C.png","contentUrl":"https:\/\/ivybet.org\/wp-content\/uploads\/2025\/06\/Jl4YRdvK3i2E9rfhV46C.png","width":150,"height":53,"caption":"Ivybet"},"image":{"@id":"https:\/\/ivybet.org\/de\/#\/schema\/logo\/image\/"}}]}},"_links":{"self":[{"href":"https:\/\/ivybet.org\/de\/wp-json\/wp\/v2\/pages\/1414","targetHints":{"allow":["GET"]}}],"collection":[{"href":"https:\/\/ivybet.org\/de\/wp-json\/wp\/v2\/pages"}],"about":[{"href":"https:\/\/ivybet.org\/de\/wp-json\/wp\/v2\/types\/page"}],"author":[{"embeddable":true,"href":"https:\/\/ivybet.org\/de\/wp-json\/wp\/v2\/users\/25"}],"replies":[{"embeddable":true,"href":"https:\/\/ivybet.org\/de\/wp-json\/wp\/v2\/comments?post=1414"}],"version-history":[{"count":2,"href":"https:\/\/ivybet.org\/de\/wp-json\/wp\/v2\/pages\/1414\/revisions"}],"predecessor-version":[{"id":1550,"href":"https:\/\/ivybet.org\/de\/wp-json\/wp\/v2\/pages\/1414\/revisions\/1550"}],"wp:attachment":[{"href":"https:\/\/ivybet.org\/de\/wp-json\/wp\/v2\/media?parent=1414"}],"curies":[{"name":"wp","href":"https:\/\/api.w.org\/{rel}","templated":true}]}}